{"id":2719,"date":"2022-11-29T15:28:11","date_gmt":"2022-11-29T14:28:11","guid":{"rendered":"https:\/\/baudo-iledere.naskigo-web82-prod.ngsrv.eu\/wedding-and-brunch-the-day-after\/"},"modified":"2026-03-26T16:46:19","modified_gmt":"2026-03-26T15:46:19","slug":"wedding-and-brunch-the-day-after","status":"publish","type":"page","link":"https:\/\/www.baudo-iledere.fr\/en\/your-caterer\/wedding-and-brunch-the-day-after\/","title":{"rendered":"Wedding and Brunch the day after"},"content":{"rendered":"\t\t<div data-elementor-type=\"wp-page\" data-elementor-id=\"2719\" class=\"elementor elementor-2719 elementor-20\" data-elementor-post-type=\"page\">\n\t\t\t\t<div class=\"elementor-element elementor-element-25f4d71a e-flex e-con-boxed e-con e-parent\" data-id=\"25f4d71a\" data-element_type=\"container\" data-e-type=\"container\" data-settings=\"{&quot;background_background&quot;:&quot;classic&quot;}\">\n\t\t\t\t\t<div class=\"e-con-inner\">\n\t\t\t\t<div class=\"elementor-element elementor-element-36b73769 elementor-align-left elementor-widget__width-inherit elementor-widget elementor-widget-breadcrumbs\" data-id=\"36b73769\" data-element_type=\"widget\" data-e-type=\"widget\" data-widget_type=\"breadcrumbs.default\">\n\t\t\t\t<div class=\"elementor-widget-container\">\n\t\t\t\t\t<span id=\"breadcrumbs\"><ul><li><a href=\"https:\/\/www.baudo-iledere.fr\/en\/\">Accueil<\/a><\/li><\/ul><\/span>\t\t\t\t<\/div>\n\t\t\t\t<\/div>\n\t\t\t\t\t<\/div>\n\t\t\t\t<\/div>\n\t\t<div class=\"elementor-element elementor-element-95f8443 e-con-full e-flex e-con e-parent\" data-id=\"95f8443\" data-element_type=\"container\" data-e-type=\"container\">\n\t\t<div class=\"elementor-element elementor-element-60dc042 e-flex e-con-boxed e-con e-child\" data-id=\"60dc042\" data-element_type=\"container\" data-e-type=\"container\">\n\t\t\t\t\t<div class=\"e-con-inner\">\n\t\t<div class=\"elementor-element elementor-element-df08c1d e-con-full e-flex e-con e-child\" data-id=\"df08c1d\" data-element_type=\"container\" data-e-type=\"container\">\n\t\t\t\t<div class=\"elementor-element elementor-element-70a109e elementor-widget__width-initial elementor-widget elementor-widget-heading\" data-id=\"70a109e\" data-element_type=\"widget\" data-e-type=\"widget\" data-widget_type=\"heading.default\">\n\t\t\t\t<div class=\"elementor-widget-container\">\n\t\t\t\t\t<h1 class=\"elementor-heading-title elementor-size-default\">Wedding <span style=\"font-family:poppins;font-weight:300\">&amp; <\/span><br>Boxing Day Brunch<\/h1>\t\t\t\t<\/div>\n\t\t\t\t<\/div>\n\t\t\t\t<\/div>\n\t\t\t\t<div class=\"elementor-element elementor-element-1fc604e elementor-widget__width-initial elementor-widget-mobile__width-initial animated-slow elementor-hidden-desktop elementor-hidden-tablet elementor-hidden-mobile elementor-widget-divider--view-line elementor-invisible elementor-widget elementor-widget-divider\" data-id=\"1fc604e\" data-element_type=\"widget\" data-e-type=\"widget\" data-settings=\"{&quot;_animation&quot;:&quot;fadeInLeft&quot;}\" data-widget_type=\"divider.default\">\n\t\t\t\t<div class=\"elementor-widget-container\">\n\t\t\t\t\t\t\t<div class=\"elementor-divider\">\n\t\t\t<span class=\"elementor-divider-separator\">\n\t\t\t\t\t\t<\/span>\n\t\t<\/div>\n\t\t\t\t\t\t<\/div>\n\t\t\t\t<\/div>\n\t\t\t\t\t<\/div>\n\t\t\t\t<\/div>\n\t\t\t\t<\/div>\n\t\t<div class=\"elementor-element elementor-element-adef310 e-flex e-con-boxed e-con e-parent\" data-id=\"adef310\" data-element_type=\"container\" data-e-type=\"container\">\n\t\t\t\t\t<div class=\"e-con-inner\">\n\t\t<div class=\"elementor-element elementor-element-94b2032 e-con-full elementor-hidden-mobile elementor-hidden-tablet e-flex e-con e-child\" data-id=\"94b2032\" data-element_type=\"container\" data-e-type=\"container\">\n\t\t\t\t<div class=\"elementor-element elementor-element-5711e65 elementor-widget__width-initial e-transform elementor-widget-divider--view-line elementor-widget elementor-widget-divider\" data-id=\"5711e65\" data-element_type=\"widget\" data-e-type=\"widget\" data-settings=\"{&quot;_transform_rotateZ_effect&quot;:{&quot;unit&quot;:&quot;px&quot;,&quot;size&quot;:-90,&quot;sizes&quot;:[]},&quot;_transform_rotateZ_effect_tablet&quot;:{&quot;unit&quot;:&quot;deg&quot;,&quot;size&quot;:&quot;&quot;,&quot;sizes&quot;:[]},&quot;_transform_rotateZ_effect_mobile&quot;:{&quot;unit&quot;:&quot;deg&quot;,&quot;size&quot;:&quot;&quot;,&quot;sizes&quot;:[]}}\" data-widget_type=\"divider.default\">\n\t\t\t\t<div class=\"elementor-widget-container\">\n\t\t\t\t\t\t\t<div class=\"elementor-divider\">\n\t\t\t<span class=\"elementor-divider-separator\">\n\t\t\t\t\t\t<\/span>\n\t\t<\/div>\n\t\t\t\t\t\t<\/div>\n\t\t\t\t<\/div>\n\t\t\t\t<div class=\"elementor-element elementor-element-06a47f7 eael_vto-vertical-lr elementor-widget elementor-widget-text-editor\" data-id=\"06a47f7\" data-element_type=\"widget\" data-e-type=\"widget\" data-widget_type=\"text-editor.default\">\n\t\t\t\t<div class=\"elementor-widget-container\">\n\t\t\t\t\t\t\t\t\t<p>Ile de R\u00e9<\/p>\t\t\t\t\t\t\t\t<\/div>\n\t\t\t\t<\/div>\n\t\t\t\t<div class=\"elementor-element elementor-element-13e1d44 eael_vto-vertical-lr elementor-widget elementor-widget-text-editor\" data-id=\"13e1d44\" data-element_type=\"widget\" data-e-type=\"widget\" data-widget_type=\"text-editor.default\">\n\t\t\t\t<div class=\"elementor-widget-container\">\n\t\t\t\t\t\t\t\t\t<p>Wedding caterer<\/p>\t\t\t\t\t\t\t\t<\/div>\n\t\t\t\t<\/div>\n\t\t\t\t<\/div>\n\t\t<div class=\"elementor-element elementor-element-cb2fe69 e-con-full e-flex e-con e-child\" data-id=\"cb2fe69\" data-element_type=\"container\" data-e-type=\"container\">\n\t\t\t\t<div class=\"elementor-element elementor-element-1b373ba elementor-widget elementor-widget-image\" data-id=\"1b373ba\" data-element_type=\"widget\" data-e-type=\"widget\" data-widget_type=\"image.default\">\n\t\t\t\t<div class=\"elementor-widget-container\">\n\t\t\t\t\t\t\t\t\t\t\t\t\t\t\t<img fetchpriority=\"high\" decoding=\"async\" width=\"533\" height=\"533\" src=\"https:\/\/www.baudo-iledere.fr\/wp-content\/uploads\/2026\/03\/baudo-iledere-table1.jpg\" class=\"attachment-large size-large wp-image-4165\" alt=\"\" srcset=\"https:\/\/www.baudo-iledere.fr\/wp-content\/uploads\/2026\/03\/baudo-iledere-table1.jpg 533w, https:\/\/www.baudo-iledere.fr\/wp-content\/uploads\/2026\/03\/baudo-iledere-table1-300x300.jpg 300w, https:\/\/www.baudo-iledere.fr\/wp-content\/uploads\/2026\/03\/baudo-iledere-table1-150x150.jpg 150w\" sizes=\"(max-width: 533px) 100vw, 533px\" \/>\t\t\t\t\t\t\t\t\t\t\t\t\t\t\t<\/div>\n\t\t\t\t<\/div>\n\t\t\t\t<\/div>\n\t\t<div class=\"elementor-element elementor-element-7b8c595 e-con-full e-flex e-con e-child\" data-id=\"7b8c595\" data-element_type=\"container\" data-e-type=\"container\" data-settings=\"{&quot;background_background&quot;:&quot;classic&quot;,&quot;motion_fx_motion_fx_scrolling&quot;:&quot;yes&quot;,&quot;motion_fx_translateY_effect&quot;:&quot;yes&quot;,&quot;motion_fx_translateY_speed&quot;:{&quot;unit&quot;:&quot;px&quot;,&quot;size&quot;:2,&quot;sizes&quot;:[]},&quot;motion_fx_translateY_affectedRange&quot;:{&quot;unit&quot;:&quot;%&quot;,&quot;size&quot;:&quot;&quot;,&quot;sizes&quot;:{&quot;start&quot;:0,&quot;end&quot;:100}},&quot;motion_fx_devices&quot;:[&quot;desktop&quot;,&quot;tablet&quot;,&quot;mobile&quot;]}\">\n\t\t\t\t<div class=\"elementor-element elementor-element-6670f28 elementor-widget elementor-widget-heading\" data-id=\"6670f28\" data-element_type=\"widget\" data-e-type=\"widget\" data-widget_type=\"heading.default\">\n\t\t\t\t<div class=\"elementor-widget-container\">\n\t\t\t\t\t<h2 class=\"elementor-heading-title elementor-size-default\">A culinary signature for your wedding<\/h2>\t\t\t\t<\/div>\n\t\t\t\t<\/div>\n\t\t\t\t<div class=\"elementor-element elementor-element-f895e78 elementor-widget elementor-widget-text-editor\" data-id=\"f895e78\" data-element_type=\"widget\" data-e-type=\"widget\" data-widget_type=\"text-editor.default\">\n\t\t\t\t<div class=\"elementor-widget-container\">\n\t\t\t\t\t\t\t\t\t<p><strong>At Baudo, every reception is designed to reflect your story<\/strong>. Our experienced chefs create menus featuring seasonal produce and your personal inspiration to create a unique culinary experience.<\/p><p class=\"p1\">The entire event is enhanced by bespoke <strong>designer furniture<\/strong> and <strong>meticulous decoration<\/strong>, while we supervise every stage to ensure a smooth reception where every detail is taken into account.<\/p>\t\t\t\t\t\t\t\t<\/div>\n\t\t\t\t<\/div>\n\t\t\t\t<\/div>\n\t\t\t\t\t<\/div>\n\t\t\t\t<\/div>\n\t\t<div class=\"elementor-element elementor-element-b6592e6 e-flex e-con-boxed e-con e-parent\" data-id=\"b6592e6\" data-element_type=\"container\" data-e-type=\"container\" data-settings=\"{&quot;background_background&quot;:&quot;classic&quot;}\">\n\t\t\t\t\t<div class=\"e-con-inner\">\n\t\t<div class=\"elementor-element elementor-element-09bf313 e-con-full e-flex e-con e-child\" data-id=\"09bf313\" data-element_type=\"container\" data-e-type=\"container\">\n\t\t\t\t<\/div>\n\t\t<div class=\"elementor-element elementor-element-4ff033e e-con-full e-flex e-con e-child\" data-id=\"4ff033e\" data-element_type=\"container\" data-e-type=\"container\" data-settings=\"{&quot;background_background&quot;:&quot;classic&quot;}\">\n\t\t\t\t<div class=\"elementor-element elementor-element-3dec724 animated-fast elementor-widget-divider--view-line elementor-widget elementor-widget-divider\" data-id=\"3dec724\" data-element_type=\"widget\" data-e-type=\"widget\" data-settings=\"{&quot;_animation&quot;:&quot;none&quot;}\" data-widget_type=\"divider.default\">\n\t\t\t\t<div class=\"elementor-widget-container\">\n\t\t\t\t\t\t\t<div class=\"elementor-divider\">\n\t\t\t<span class=\"elementor-divider-separator\">\n\t\t\t\t\t\t<\/span>\n\t\t<\/div>\n\t\t\t\t\t\t<\/div>\n\t\t\t\t<\/div>\n\t\t\t\t<div class=\"elementor-element elementor-element-36a9aa2 elementor-widget elementor-widget-text-editor\" data-id=\"36a9aa2\" data-element_type=\"widget\" data-e-type=\"widget\" data-widget_type=\"text-editor.default\">\n\t\t\t\t<div class=\"elementor-widget-container\">\n\t\t\t\t\t\t\t\t\t<p class=\"p1\">We offer culinary animations and interactive experiences:<\/p>\t\t\t\t\t\t\t\t<\/div>\n\t\t\t\t<\/div>\n\t\t\t\t<div class=\"elementor-element elementor-element-49d4529 elementor-widget elementor-widget-text-editor\" data-id=\"49d4529\" data-element_type=\"widget\" data-e-type=\"widget\" data-widget_type=\"text-editor.default\">\n\t\t\t\t<div class=\"elementor-widget-container\">\n\t\t\t\t\t\t\t\t\t<ul class=\"ul1\"><li class=\"li1\"><b><\/b>Chefs performing live cooking, preparing dishes in front of your guests.<\/li><li class=\"li1\"><b><\/b>Tailor-made bar, designed to be the place to sit, chat and discover the creations of our mixologists.<\/li><li class=\"li1\"><b><\/b>Brazier animation, to promote local products and offer a unique and convivial experience.<\/li><\/ul><p> <\/p><p class=\"p1\">Our services are adapted to your world, your desires and the atmosphere you wish to create, for an elegant, personalized and memorable wedding.<\/p>\t\t\t\t\t\t\t\t<\/div>\n\t\t\t\t<\/div>\n\t\t\t\t<\/div>\n\t\t\t\t\t<\/div>\n\t\t\t\t<\/div>\n\t\t<div class=\"elementor-element elementor-element-5420df4 e-flex e-con-boxed e-con e-parent\" data-id=\"5420df4\" data-element_type=\"container\" data-e-type=\"container\">\n\t\t\t\t\t<div class=\"e-con-inner\">\n\t\t\t\t<div class=\"elementor-element elementor-element-051cac4 elementor-widget-divider--view-line elementor-invisible elementor-widget elementor-widget-divider\" data-id=\"051cac4\" data-element_type=\"widget\" data-e-type=\"widget\" data-settings=\"{&quot;_animation&quot;:&quot;fadeInRight&quot;}\" data-widget_type=\"divider.default\">\n\t\t\t\t<div class=\"elementor-widget-container\">\n\t\t\t\t\t\t\t<div class=\"elementor-divider\">\n\t\t\t<span class=\"elementor-divider-separator\">\n\t\t\t\t\t\t<\/span>\n\t\t<\/div>\n\t\t\t\t\t\t<\/div>\n\t\t\t\t<\/div>\n\t\t\t\t\t<\/div>\n\t\t\t\t<\/div>\n\t\t<div class=\"elementor-element elementor-element-6c398da e-flex e-con-boxed e-con e-parent\" data-id=\"6c398da\" data-element_type=\"container\" data-e-type=\"container\">\n\t\t\t\t\t<div class=\"e-con-inner\">\n\t\t<div class=\"elementor-element elementor-element-fbd6312 e-con-full e-flex e-con e-child\" data-id=\"fbd6312\" data-element_type=\"container\" data-e-type=\"container\" data-settings=\"{&quot;background_background&quot;:&quot;classic&quot;}\">\n\t\t\t\t<div class=\"elementor-element elementor-element-515b81f elementor-widget__width-initial animated-fast elementor-hidden-mobile elementor-widget-divider--view-line elementor-invisible elementor-widget elementor-widget-divider\" data-id=\"515b81f\" data-element_type=\"widget\" data-e-type=\"widget\" data-settings=\"{&quot;_animation&quot;:&quot;fadeInLeft&quot;}\" data-widget_type=\"divider.default\">\n\t\t\t\t<div class=\"elementor-widget-container\">\n\t\t\t\t\t\t\t<div class=\"elementor-divider\">\n\t\t\t<span class=\"elementor-divider-separator\">\n\t\t\t\t\t\t<\/span>\n\t\t<\/div>\n\t\t\t\t\t\t<\/div>\n\t\t\t\t<\/div>\n\t\t\t\t<div class=\"elementor-element elementor-element-0d8f2f7 elementor-widget__width-initial elementor-invisible elementor-widget elementor-widget-heading\" data-id=\"0d8f2f7\" data-element_type=\"widget\" data-e-type=\"widget\" data-settings=\"{&quot;_animation&quot;:&quot;fadeInDown&quot;}\" data-widget_type=\"heading.default\">\n\t\t\t\t<div class=\"elementor-widget-container\">\n\t\t\t\t\t<h2 class=\"elementor-heading-title elementor-size-default\">A day of peace and comfort<\/h2>\t\t\t\t<\/div>\n\t\t\t\t<\/div>\n\t\t\t\t<div class=\"elementor-element elementor-element-05f8917 color-block elementor-widget elementor-widget-text-editor\" data-id=\"05f8917\" data-element_type=\"widget\" data-e-type=\"widget\" data-widget_type=\"text-editor.default\">\n\t\t\t\t<div class=\"elementor-widget-container\">\n\t\t\t\t\t\t\t\t\t<p>After your wedding weekend, we offer a day after designed to extend the conviviality.  <\/p><p>Depending on your wishes, we can organize a simple brunch, a buffet, a lunch or a wink of the eye re-enactment of the wedding with iodized culinary animations, to prolong the moment of sharing and pleasure around the table.<\/p><p>If you&#8217;d like to receive our wedding brochures, please <a href=\"https:\/\/www.baudo-iledere.fr\/en\/contact\/\">contact us using the form below<\/a>.<\/p>\t\t\t\t\t\t\t\t<\/div>\n\t\t\t\t<\/div>\n\t\t\t\t<\/div>\n\t\t<div class=\"elementor-element elementor-element-b303ef8 e-con-full e-flex e-con e-child\" data-id=\"b303ef8\" data-element_type=\"container\" data-e-type=\"container\">\n\t\t<div class=\"elementor-element elementor-element-a6c0826 e-con-full e-flex elementor-invisible e-con e-child\" data-id=\"a6c0826\" data-element_type=\"container\" data-e-type=\"container\" data-settings=\"{&quot;background_background&quot;:&quot;classic&quot;,&quot;animation&quot;:&quot;fadeInRight&quot;}\">\n\t\t\t\t<div class=\"elementor-element elementor-element-1c0b267 elementor-widget elementor-widget-text-editor\" data-id=\"1c0b267\" data-element_type=\"widget\" data-e-type=\"widget\" data-widget_type=\"text-editor.default\">\n\t\t\t\t<div class=\"elementor-widget-container\">\n\t\t\t\t\t\t\t\t\t<p><a href=\"https:\/\/www.baudo-iledere.fr\/en\/contact\/\">Contact us<\/a><\/p>\t\t\t\t\t\t\t\t<\/div>\n\t\t\t\t<\/div>\n\t\t\t\t<\/div>\n\t\t\t\t<\/div>\n\t\t\t\t\t<\/div>\n\t\t\t\t<\/div>\n\t\t\t\t<\/div>\n\t\t","protected":false},"excerpt":{"rendered":"<p>Wedding &amp; Boxing Day Brunch Ile de R\u00e9 Wedding caterer A culinary signature for your wedding At Baudo, every reception is designed to reflect your story. Our experienced chefs create menus featuring seasonal produce and your personal inspiration to create a unique culinary experience. The entire event is enhanced by bespoke designer furniture and meticulous [&hellip;]<\/p>\n","protected":false},"author":1,"featured_media":0,"parent":2745,"menu_order":0,"comment_status":"closed","ping_status":"closed","template":"","meta":{"footnotes":""},"class_list":["post-2719","page","type-page","status-publish","hentry"],"yoast_head":"<title>Wedding and Brunch the day after - Baudo Ile de R\u00e9 - Traiteur et chefs priv\u00e9s<\/title>\n<meta name=\"description\" content=\"Wedding catering service on the Ile de R\u00e9 and La Rochelle: Baudo Ile de R\u00e9 offers you a gourmet, friendly and relaxed wedding.\" \/>\n<meta name=\"robots\" content=\"index, follow, max-snippet:-1, max-image-preview:large, max-video-preview:-1\" \/>\n<link rel=\"canonical\" href=\"https:\/\/www.baudo-iledere.fr\/en\/your-caterer\/wedding-and-brunch-the-day-after\/\" \/>\n<meta property=\"og:locale\" content=\"en_US\" \/>\n<meta property=\"og:type\" content=\"article\" \/>\n<meta property=\"og:title\" content=\"Wedding and Brunch the day after - Baudo Ile de R\u00e9 - Traiteur et chefs priv\u00e9s\" \/>\n<meta property=\"og:description\" content=\"Wedding catering service on the Ile de R\u00e9 and La Rochelle: Baudo Ile de R\u00e9 offers you a gourmet, friendly and relaxed wedding.\" \/>\n<meta property=\"og:url\" content=\"https:\/\/www.baudo-iledere.fr\/en\/your-caterer\/wedding-and-brunch-the-day-after\/\" \/>\n<meta property=\"og:site_name\" content=\"Baudo Ile de R\u00e9 - Traiteur et chefs priv\u00e9s\" \/>\n<meta property=\"article:publisher\" content=\"https:\/\/www.facebook.com\/baudoiledere\" \/>\n<meta property=\"article:modified_time\" content=\"2026-03-26T15:46:19+00:00\" \/>\n<meta property=\"og:image\" content=\"https:\/\/www.baudo-iledere.fr\/wp-content\/uploads\/2026\/03\/baudo-iledere-table1.jpg\" \/>\n\t<meta property=\"og:image:width\" content=\"533\" \/>\n\t<meta property=\"og:image:height\" content=\"533\" \/>\n\t<meta property=\"og:image:type\" content=\"image\/jpeg\" \/>\n<meta name=\"twitter:card\" content=\"summary_large_image\" \/>\n<script type=\"application\/ld+json\" class=\"yoast-schema-graph\">{\"@context\":\"https:\/\/schema.org\",\"@graph\":[{\"@type\":\"WebPage\",\"@id\":\"https:\/\/www.baudo-iledere.fr\/en\/your-caterer\/wedding-and-brunch-the-day-after\/\",\"url\":\"https:\/\/www.baudo-iledere.fr\/en\/your-caterer\/wedding-and-brunch-the-day-after\/\",\"name\":\"Wedding and Brunch the day after - Baudo Ile de R\u00e9 - Traiteur et chefs priv\u00e9s\",\"isPartOf\":{\"@id\":\"https:\/\/www.baudo-iledere.fr\/#website\"},\"primaryImageOfPage\":{\"@id\":\"https:\/\/www.baudo-iledere.fr\/en\/your-caterer\/wedding-and-brunch-the-day-after\/#primaryimage\"},\"image\":{\"@id\":\"https:\/\/www.baudo-iledere.fr\/en\/your-caterer\/wedding-and-brunch-the-day-after\/#primaryimage\"},\"thumbnailUrl\":\"https:\/\/www.baudo-iledere.fr\/wp-content\/uploads\/2026\/03\/baudo-iledere-table1.jpg\",\"datePublished\":\"2022-11-29T14:28:11+00:00\",\"dateModified\":\"2026-03-26T15:46:19+00:00\",\"description\":\"Wedding catering service on the Ile de R\u00e9 and La Rochelle: Baudo Ile de R\u00e9 offers you a gourmet, friendly and relaxed wedding.\",\"breadcrumb\":{\"@id\":\"https:\/\/www.baudo-iledere.fr\/en\/your-caterer\/wedding-and-brunch-the-day-after\/#breadcrumb\"},\"inLanguage\":\"en-US\",\"potentialAction\":[{\"@type\":\"ReadAction\",\"target\":[\"https:\/\/www.baudo-iledere.fr\/en\/your-caterer\/wedding-and-brunch-the-day-after\/\"]}]},{\"@type\":\"ImageObject\",\"inLanguage\":\"en-US\",\"@id\":\"https:\/\/www.baudo-iledere.fr\/en\/your-caterer\/wedding-and-brunch-the-day-after\/#primaryimage\",\"url\":\"https:\/\/www.baudo-iledere.fr\/wp-content\/uploads\/2026\/03\/baudo-iledere-table1.jpg\",\"contentUrl\":\"https:\/\/www.baudo-iledere.fr\/wp-content\/uploads\/2026\/03\/baudo-iledere-table1.jpg\"},{\"@type\":\"BreadcrumbList\",\"@id\":\"https:\/\/www.baudo-iledere.fr\/en\/your-caterer\/wedding-and-brunch-the-day-after\/#breadcrumb\",\"itemListElement\":[{\"@type\":\"ListItem\",\"position\":1,\"name\":\"Accueil\",\"item\":\"https:\/\/www.baudo-iledere.fr\/en\/\"},{\"@type\":\"ListItem\",\"position\":2,\"name\":\"Your Caterer\",\"item\":\"https:\/\/www.baudo-iledere.fr\/en\/your-caterer\/\"},{\"@type\":\"ListItem\",\"position\":3,\"name\":\"Wedding and Brunch the day after\"}]},{\"@type\":\"WebSite\",\"@id\":\"https:\/\/www.baudo-iledere.fr\/#website\",\"url\":\"https:\/\/www.baudo-iledere.fr\/\",\"name\":\"Baudo Ile de R\u00e9 - Traiteur et Caviste\",\"description\":\"Votre traiteur sur l&#039;\u00cele de R\u00e9\",\"publisher\":{\"@id\":\"https:\/\/www.baudo-iledere.fr\/#organization\"},\"potentialAction\":[{\"@type\":\"SearchAction\",\"target\":{\"@type\":\"EntryPoint\",\"urlTemplate\":\"https:\/\/www.baudo-iledere.fr\/?s={search_term_string}\"},\"query-input\":{\"@type\":\"PropertyValueSpecification\",\"valueRequired\":true,\"valueName\":\"search_term_string\"}}],\"inLanguage\":\"en-US\"},{\"@type\":\"Organization\",\"@id\":\"https:\/\/www.baudo-iledere.fr\/#organization\",\"name\":\"Baudo Ile de R\u00e9 - Traiteur et Caviste\",\"url\":\"https:\/\/www.baudo-iledere.fr\/\",\"logo\":{\"@type\":\"ImageObject\",\"inLanguage\":\"en-US\",\"@id\":\"https:\/\/www.baudo-iledere.fr\/#\/schema\/logo\/image\/\",\"url\":\"https:\/\/www.baudo-iledere.fr\/wp-content\/uploads\/2022\/12\/logo-footer.png\",\"contentUrl\":\"https:\/\/www.baudo-iledere.fr\/wp-content\/uploads\/2022\/12\/logo-footer.png\",\"width\":284,\"height\":60,\"caption\":\"Baudo Ile de R\u00e9 - Traiteur et Caviste\"},\"image\":{\"@id\":\"https:\/\/www.baudo-iledere.fr\/#\/schema\/logo\/image\/\"},\"sameAs\":[\"https:\/\/www.facebook.com\/baudoiledere\",\"https:\/\/www.instagram.com\/baudo_iledere\/\"]}]}<\/script>","yoast_head_json":{"title":"Wedding and Brunch the day after - Baudo Ile de R\u00e9 - Traiteur et chefs priv\u00e9s","description":"Wedding catering service on the Ile de R\u00e9 and La Rochelle: Baudo Ile de R\u00e9 offers you a gourmet, friendly and relaxed wedding.","robots":{"index":"index","follow":"follow","max-snippet":"max-snippet:-1","max-image-preview":"max-image-preview:large","max-video-preview":"max-video-preview:-1"},"canonical":"https:\/\/www.baudo-iledere.fr\/en\/your-caterer\/wedding-and-brunch-the-day-after\/","og_locale":"en_US","og_type":"article","og_title":"Wedding and Brunch the day after - Baudo Ile de R\u00e9 - Traiteur et chefs priv\u00e9s","og_description":"Wedding catering service on the Ile de R\u00e9 and La Rochelle: Baudo Ile de R\u00e9 offers you a gourmet, friendly and relaxed wedding.","og_url":"https:\/\/www.baudo-iledere.fr\/en\/your-caterer\/wedding-and-brunch-the-day-after\/","og_site_name":"Baudo Ile de R\u00e9 - Traiteur et chefs priv\u00e9s","article_publisher":"https:\/\/www.facebook.com\/baudoiledere","article_modified_time":"2026-03-26T15:46:19+00:00","og_image":[{"width":533,"height":533,"url":"https:\/\/www.baudo-iledere.fr\/wp-content\/uploads\/2026\/03\/baudo-iledere-table1.jpg","type":"image\/jpeg"}],"twitter_card":"summary_large_image","schema":{"@context":"https:\/\/schema.org","@graph":[{"@type":"WebPage","@id":"https:\/\/www.baudo-iledere.fr\/en\/your-caterer\/wedding-and-brunch-the-day-after\/","url":"https:\/\/www.baudo-iledere.fr\/en\/your-caterer\/wedding-and-brunch-the-day-after\/","name":"Wedding and Brunch the day after - Baudo Ile de R\u00e9 - Traiteur et chefs priv\u00e9s","isPartOf":{"@id":"https:\/\/www.baudo-iledere.fr\/#website"},"primaryImageOfPage":{"@id":"https:\/\/www.baudo-iledere.fr\/en\/your-caterer\/wedding-and-brunch-the-day-after\/#primaryimage"},"image":{"@id":"https:\/\/www.baudo-iledere.fr\/en\/your-caterer\/wedding-and-brunch-the-day-after\/#primaryimage"},"thumbnailUrl":"https:\/\/www.baudo-iledere.fr\/wp-content\/uploads\/2026\/03\/baudo-iledere-table1.jpg","datePublished":"2022-11-29T14:28:11+00:00","dateModified":"2026-03-26T15:46:19+00:00","description":"Wedding catering service on the Ile de R\u00e9 and La Rochelle: Baudo Ile de R\u00e9 offers you a gourmet, friendly and relaxed wedding.","breadcrumb":{"@id":"https:\/\/www.baudo-iledere.fr\/en\/your-caterer\/wedding-and-brunch-the-day-after\/#breadcrumb"},"inLanguage":"en-US","potentialAction":[{"@type":"ReadAction","target":["https:\/\/www.baudo-iledere.fr\/en\/your-caterer\/wedding-and-brunch-the-day-after\/"]}]},{"@type":"ImageObject","inLanguage":"en-US","@id":"https:\/\/www.baudo-iledere.fr\/en\/your-caterer\/wedding-and-brunch-the-day-after\/#primaryimage","url":"https:\/\/www.baudo-iledere.fr\/wp-content\/uploads\/2026\/03\/baudo-iledere-table1.jpg","contentUrl":"https:\/\/www.baudo-iledere.fr\/wp-content\/uploads\/2026\/03\/baudo-iledere-table1.jpg"},{"@type":"BreadcrumbList","@id":"https:\/\/www.baudo-iledere.fr\/en\/your-caterer\/wedding-and-brunch-the-day-after\/#breadcrumb","itemListElement":[{"@type":"ListItem","position":1,"name":"Accueil","item":"https:\/\/www.baudo-iledere.fr\/en\/"},{"@type":"ListItem","position":2,"name":"Your Caterer","item":"https:\/\/www.baudo-iledere.fr\/en\/your-caterer\/"},{"@type":"ListItem","position":3,"name":"Wedding and Brunch the day after"}]},{"@type":"WebSite","@id":"https:\/\/www.baudo-iledere.fr\/#website","url":"https:\/\/www.baudo-iledere.fr\/","name":"Baudo Ile de R\u00e9 - Traiteur et Caviste","description":"Votre traiteur sur l&#039;\u00cele de R\u00e9","publisher":{"@id":"https:\/\/www.baudo-iledere.fr\/#organization"},"potentialAction":[{"@type":"SearchAction","target":{"@type":"EntryPoint","urlTemplate":"https:\/\/www.baudo-iledere.fr\/?s={search_term_string}"},"query-input":{"@type":"PropertyValueSpecification","valueRequired":true,"valueName":"search_term_string"}}],"inLanguage":"en-US"},{"@type":"Organization","@id":"https:\/\/www.baudo-iledere.fr\/#organization","name":"Baudo Ile de R\u00e9 - Traiteur et Caviste","url":"https:\/\/www.baudo-iledere.fr\/","logo":{"@type":"ImageObject","inLanguage":"en-US","@id":"https:\/\/www.baudo-iledere.fr\/#\/schema\/logo\/image\/","url":"https:\/\/www.baudo-iledere.fr\/wp-content\/uploads\/2022\/12\/logo-footer.png","contentUrl":"https:\/\/www.baudo-iledere.fr\/wp-content\/uploads\/2022\/12\/logo-footer.png","width":284,"height":60,"caption":"Baudo Ile de R\u00e9 - Traiteur et Caviste"},"image":{"@id":"https:\/\/www.baudo-iledere.fr\/#\/schema\/logo\/image\/"},"sameAs":["https:\/\/www.facebook.com\/baudoiledere","https:\/\/www.instagram.com\/baudo_iledere\/"]}]}},"_links":{"self":[{"href":"https:\/\/www.baudo-iledere.fr\/en\/wp-json\/wp\/v2\/pages\/2719","targetHints":{"allow":["GET"]}}],"collection":[{"href":"https:\/\/www.baudo-iledere.fr\/en\/wp-json\/wp\/v2\/pages"}],"about":[{"href":"https:\/\/www.baudo-iledere.fr\/en\/wp-json\/wp\/v2\/types\/page"}],"author":[{"embeddable":true,"href":"https:\/\/www.baudo-iledere.fr\/en\/wp-json\/wp\/v2\/users\/1"}],"replies":[{"embeddable":true,"href":"https:\/\/www.baudo-iledere.fr\/en\/wp-json\/wp\/v2\/comments?post=2719"}],"version-history":[{"count":5,"href":"https:\/\/www.baudo-iledere.fr\/en\/wp-json\/wp\/v2\/pages\/2719\/revisions"}],"predecessor-version":[{"id":4347,"href":"https:\/\/www.baudo-iledere.fr\/en\/wp-json\/wp\/v2\/pages\/2719\/revisions\/4347"}],"up":[{"embeddable":true,"href":"https:\/\/www.baudo-iledere.fr\/en\/wp-json\/wp\/v2\/pages\/2745"}],"wp:attachment":[{"href":"https:\/\/www.baudo-iledere.fr\/en\/wp-json\/wp\/v2\/media?parent=2719"}],"curies":[{"name":"wp","href":"https:\/\/api.w.org\/{rel}","templated":true}]}}