{"id":2731,"date":"2022-11-29T15:28:22","date_gmt":"2022-11-29T14:28:22","guid":{"rendered":"https:\/\/baudo-iledere.naskigo-web82-prod.ngsrv.eu\/events\/"},"modified":"2026-03-26T16:46:52","modified_gmt":"2026-03-26T15:46:52","slug":"events","status":"publish","type":"page","link":"https:\/\/www.baudo-iledere.fr\/en\/your-caterer\/events\/","title":{"rendered":"Events"},"content":{"rendered":"\t\t<div data-elementor-type=\"wp-page\" data-elementor-id=\"2731\" class=\"elementor elementor-2731 elementor-22\" data-elementor-post-type=\"page\">\n\t\t\t\t<div class=\"elementor-element elementor-element-78a8fd1 e-flex e-con-boxed e-con e-parent\" data-id=\"78a8fd1\" data-element_type=\"container\" data-e-type=\"container\" data-settings=\"{&quot;background_background&quot;:&quot;classic&quot;}\">\n\t\t\t\t\t<div class=\"e-con-inner\">\n\t\t\t\t<div class=\"elementor-element elementor-element-8be8f69 elementor-align-left elementor-widget__width-inherit elementor-widget elementor-widget-breadcrumbs\" data-id=\"8be8f69\" data-element_type=\"widget\" data-e-type=\"widget\" data-widget_type=\"breadcrumbs.default\">\n\t\t\t\t<div class=\"elementor-widget-container\">\n\t\t\t\t\t<span id=\"breadcrumbs\"><ul><li><a href=\"https:\/\/www.baudo-iledere.fr\/en\/\">Accueil<\/a><\/li><\/ul><\/span>\t\t\t\t<\/div>\n\t\t\t\t<\/div>\n\t\t\t\t\t<\/div>\n\t\t\t\t<\/div>\n\t\t<div class=\"elementor-element elementor-element-bd68632 e-con-full e-flex e-con e-parent\" data-id=\"bd68632\" data-element_type=\"container\" data-e-type=\"container\">\n\t\t<div class=\"elementor-element elementor-element-6f6efde e-flex e-con-boxed e-con e-child\" data-id=\"6f6efde\" data-element_type=\"container\" data-e-type=\"container\">\n\t\t\t\t\t<div class=\"e-con-inner\">\n\t\t<div class=\"elementor-element elementor-element-53d4f6b e-con-full e-flex e-con e-child\" data-id=\"53d4f6b\" data-element_type=\"container\" data-e-type=\"container\">\n\t\t\t\t<div class=\"elementor-element elementor-element-a3a73e8 elementor-widget__width-initial elementor-widget elementor-widget-heading\" data-id=\"a3a73e8\" data-element_type=\"widget\" data-e-type=\"widget\" data-widget_type=\"heading.default\">\n\t\t\t\t<div class=\"elementor-widget-container\">\n\t\t\t\t\t<h1 class=\"elementor-heading-title elementor-size-default\">Events<\/h1>\t\t\t\t<\/div>\n\t\t\t\t<\/div>\n\t\t\t\t<\/div>\n\t\t\t\t<div class=\"elementor-element elementor-element-bf753b2 elementor-widget__width-initial elementor-widget-mobile__width-initial animated-slow elementor-hidden-desktop elementor-hidden-tablet elementor-hidden-mobile elementor-widget-divider--view-line elementor-invisible elementor-widget elementor-widget-divider\" data-id=\"bf753b2\" data-element_type=\"widget\" data-e-type=\"widget\" data-settings=\"{&quot;_animation&quot;:&quot;fadeInLeft&quot;}\" data-widget_type=\"divider.default\">\n\t\t\t\t<div class=\"elementor-widget-container\">\n\t\t\t\t\t\t\t<div class=\"elementor-divider\">\n\t\t\t<span class=\"elementor-divider-separator\">\n\t\t\t\t\t\t<\/span>\n\t\t<\/div>\n\t\t\t\t\t\t<\/div>\n\t\t\t\t<\/div>\n\t\t\t\t\t<\/div>\n\t\t\t\t<\/div>\n\t\t\t\t<\/div>\n\t\t<div class=\"elementor-element elementor-element-09e521e e-flex e-con-boxed e-con e-parent\" data-id=\"09e521e\" data-element_type=\"container\" data-e-type=\"container\">\n\t\t\t\t\t<div class=\"e-con-inner\">\n\t\t<div class=\"elementor-element elementor-element-d36ea08 e-con-full e-flex e-con e-child\" data-id=\"d36ea08\" data-element_type=\"container\" data-e-type=\"container\" data-settings=\"{&quot;motion_fx_motion_fx_scrolling&quot;:&quot;yes&quot;,&quot;motion_fx_translateY_effect&quot;:&quot;yes&quot;,&quot;motion_fx_translateY_speed&quot;:{&quot;unit&quot;:&quot;px&quot;,&quot;size&quot;:2,&quot;sizes&quot;:[]},&quot;motion_fx_translateY_affectedRange&quot;:{&quot;unit&quot;:&quot;%&quot;,&quot;size&quot;:&quot;&quot;,&quot;sizes&quot;:{&quot;start&quot;:0,&quot;end&quot;:100}},&quot;motion_fx_devices&quot;:[&quot;desktop&quot;,&quot;tablet&quot;,&quot;mobile&quot;]}\">\n\t\t\t\t<div class=\"elementor-element elementor-element-f2c17fd elementor-widget elementor-widget-image\" data-id=\"f2c17fd\" data-element_type=\"widget\" data-e-type=\"widget\" data-widget_type=\"image.default\">\n\t\t\t\t<div class=\"elementor-widget-container\">\n\t\t\t\t\t\t\t\t\t\t\t\t\t\t\t<img fetchpriority=\"high\" decoding=\"async\" width=\"427\" height=\"640\" src=\"https:\/\/www.baudo-iledere.fr\/wp-content\/uploads\/2026\/03\/baudo-iledere-ravioles.jpeg\" class=\"attachment-large size-large wp-image-4170\" alt=\"\" srcset=\"https:\/\/www.baudo-iledere.fr\/wp-content\/uploads\/2026\/03\/baudo-iledere-ravioles.jpeg 427w, https:\/\/www.baudo-iledere.fr\/wp-content\/uploads\/2026\/03\/baudo-iledere-ravioles-200x300.jpeg 200w\" sizes=\"(max-width: 427px) 100vw, 427px\" \/>\t\t\t\t\t\t\t\t\t\t\t\t\t\t\t<\/div>\n\t\t\t\t<\/div>\n\t\t\t\t<\/div>\n\t\t<div class=\"elementor-element elementor-element-9f4b666 e-con-full e-flex e-con e-child\" data-id=\"9f4b666\" data-element_type=\"container\" data-e-type=\"container\">\n\t\t\t\t<div class=\"elementor-element elementor-element-be73553 elementor-widget__width-initial elementor-widget elementor-widget-heading\" data-id=\"be73553\" data-element_type=\"widget\" data-e-type=\"widget\" data-widget_type=\"heading.default\">\n\t\t\t\t<div class=\"elementor-widget-container\">\n\t\t\t\t\t<h2 class=\"elementor-heading-title elementor-size-default\">Catering <\/span> for your corporate events  <\/span><\/h2>\t\t\t\t<\/div>\n\t\t\t\t<\/div>\n\t\t<div class=\"elementor-element elementor-element-0fdcbb8 e-con-full e-flex e-con e-child\" data-id=\"0fdcbb8\" data-element_type=\"container\" data-e-type=\"container\" data-settings=\"{&quot;background_background&quot;:&quot;classic&quot;}\">\n\t\t\t\t<div class=\"elementor-element elementor-element-6310561 animated-fast elementor-widget-divider--view-line elementor-invisible elementor-widget elementor-widget-divider\" data-id=\"6310561\" data-element_type=\"widget\" data-e-type=\"widget\" data-settings=\"{&quot;_animation&quot;:&quot;fadeInLeft&quot;}\" data-widget_type=\"divider.default\">\n\t\t\t\t<div class=\"elementor-widget-container\">\n\t\t\t\t\t\t\t<div class=\"elementor-divider\">\n\t\t\t<span class=\"elementor-divider-separator\">\n\t\t\t\t\t\t<\/span>\n\t\t<\/div>\n\t\t\t\t\t\t<\/div>\n\t\t\t\t<\/div>\n\t\t\t\t<div class=\"elementor-element elementor-element-abbd978 elementor-widget elementor-widget-text-editor\" data-id=\"abbd978\" data-element_type=\"widget\" data-e-type=\"widget\" data-widget_type=\"text-editor.default\">\n\t\t\t\t<div class=\"elementor-widget-container\">\n\t\t\t\t\t\t\t\t\t<p>From simple dinners to trade shows and brand launches, sporting and cultural events and conventions, we design receptions that reflect your corporate identity.<\/p><p>Our tailor-made culinary concepts can be adapted to any format, from cocktail parties to sit-down dinners and garden parties. Each service is designed to enhance your brand, strengthen the customer experience and offer a moment where gastronomy, aesthetics and logistics come together.<\/p>\t\t\t\t\t\t\t\t<\/div>\n\t\t\t\t<\/div>\n\t\t\t\t<div class=\"elementor-element elementor-element-e02acf0 elementor-widget-tablet__width-initial elementor-widget-mobile__width-initial elementor-align-left elementor-widget elementor-widget-button\" data-id=\"e02acf0\" data-element_type=\"widget\" data-e-type=\"widget\" data-widget_type=\"button.default\">\n\t\t\t\t<div class=\"elementor-widget-container\">\n\t\t\t\t\t\t\t\t\t<div class=\"elementor-button-wrapper\">\n\t\t\t\t\t<a class=\"elementor-button elementor-button-link elementor-size-sm\" href=\"https:\/\/www.baudo-iledere.fr\/en\/contact\/\">\n\t\t\t\t\t\t<span class=\"elementor-button-content-wrapper\">\n\t\t\t\t\t\t<span class=\"elementor-button-icon\">\n\t\t\t\t\t\t\t<\/span>\n\t\t\t\t\t\t\t\t\t<span class=\"elementor-button-text\">Contact us<\/span>\n\t\t\t\t\t<\/span>\n\t\t\t\t\t<\/a>\n\t\t\t\t<\/div>\n\t\t\t\t\t\t\t\t<\/div>\n\t\t\t\t<\/div>\n\t\t\t\t<\/div>\n\t\t\t\t<\/div>\n\t\t\t\t\t<\/div>\n\t\t\t\t<\/div>\n\t\t<div class=\"elementor-element elementor-element-72c4791 e-flex e-con-boxed e-con e-parent\" data-id=\"72c4791\" data-element_type=\"container\" data-e-type=\"container\">\n\t\t\t\t\t<div class=\"e-con-inner\">\n\t\t<div class=\"elementor-element elementor-element-65bdd3f e-con-full e-flex e-con e-child\" data-id=\"65bdd3f\" data-element_type=\"container\" data-e-type=\"container\">\n\t\t\t\t<div class=\"elementor-element elementor-element-9f57815 elementor-widget__width-initial elementor-widget elementor-widget-heading\" data-id=\"9f57815\" data-element_type=\"widget\" data-e-type=\"widget\" data-widget_type=\"heading.default\">\n\t\t\t\t<div class=\"elementor-widget-container\">\n\t\t\t\t\t<h2 class=\"elementor-heading-title elementor-size-default\">Catering <\/span> for your private events<\/span><\/h2>\t\t\t\t<\/div>\n\t\t\t\t<\/div>\n\t\t<div class=\"elementor-element elementor-element-93b1e55 e-con-full e-flex e-con e-child\" data-id=\"93b1e55\" data-element_type=\"container\" data-e-type=\"container\" data-settings=\"{&quot;background_background&quot;:&quot;classic&quot;,&quot;motion_fx_motion_fx_scrolling&quot;:&quot;yes&quot;,&quot;motion_fx_translateX_effect&quot;:&quot;yes&quot;,&quot;motion_fx_translateX_direction&quot;:&quot;negative&quot;,&quot;motion_fx_translateX_speed&quot;:{&quot;unit&quot;:&quot;px&quot;,&quot;size&quot;:0.5,&quot;sizes&quot;:[]},&quot;motion_fx_devices&quot;:[&quot;desktop&quot;,&quot;tablet&quot;],&quot;motion_fx_translateX_affectedRange&quot;:{&quot;unit&quot;:&quot;%&quot;,&quot;size&quot;:&quot;&quot;,&quot;sizes&quot;:{&quot;start&quot;:0,&quot;end&quot;:100}}}\">\n\t\t\t\t<div class=\"elementor-element elementor-element-35ac761 elementor-widget elementor-widget-text-editor\" data-id=\"35ac761\" data-element_type=\"widget\" data-e-type=\"widget\" data-widget_type=\"text-editor.default\">\n\t\t\t\t<div class=\"elementor-widget-container\">\n\t\t\t\t\t\t\t\t\t<p>Birthdays, evenings with friends or family, christenings, garden parties &#8211; we can help you celebrate.<\/p>\t\t\t\t\t\t\t\t<\/div>\n\t\t\t\t<\/div>\n\t\t\t\t<div class=\"elementor-element elementor-element-c573e56 elementor-widget elementor-widget-text-editor\" data-id=\"c573e56\" data-element_type=\"widget\" data-e-type=\"widget\" data-widget_type=\"text-editor.default\">\n\t\t\t\t<div class=\"elementor-widget-container\">\n\t\t\t\t\t\t\t\t\t<p>Our chefs create customized menus and our teams organize the logistics, so that every moment is convivial and memorable.<br>We adapt our services to your world and your desires, so that your event reflects your story and your style.<\/p>\t\t\t\t\t\t\t\t<\/div>\n\t\t\t\t<\/div>\n\t\t\t\t<\/div>\n\t\t\t\t<\/div>\n\t\t<div class=\"elementor-element elementor-element-fc1799d e-con-full e-flex e-con e-child\" data-id=\"fc1799d\" data-element_type=\"container\" data-e-type=\"container\">\n\t\t\t\t<div class=\"elementor-element elementor-element-b4473a2 elementor-widget__width-initial elementor-widget elementor-widget-image\" data-id=\"b4473a2\" data-element_type=\"widget\" data-e-type=\"widget\" data-widget_type=\"image.default\">\n\t\t\t\t<div class=\"elementor-widget-container\">\n\t\t\t\t\t\t\t\t\t\t\t\t\t\t\t<img decoding=\"async\" width=\"180\" height=\"242\" src=\"https:\/\/www.baudo-iledere.fr\/wp-content\/uploads\/2026\/03\/baudoidr-coquillage-sarrasin.jpg\" class=\"attachment-2048x2048 size-2048x2048 wp-image-4182\" alt=\"\" \/>\t\t\t\t\t\t\t\t\t\t\t\t\t\t\t<\/div>\n\t\t\t\t<\/div>\n\t\t\t\t<\/div>\n\t\t\t\t\t<\/div>\n\t\t\t\t<\/div>\n\t\t<div class=\"elementor-element elementor-element-854d447 e-flex e-con-boxed e-con e-parent\" data-id=\"854d447\" data-element_type=\"container\" data-e-type=\"container\">\n\t\t\t\t\t<div class=\"e-con-inner\">\n\t\t<div class=\"elementor-element elementor-element-ac9a327 e-con-full e-flex e-con e-child\" data-id=\"ac9a327\" data-element_type=\"container\" data-e-type=\"container\">\n\t\t\t\t<div class=\"elementor-element elementor-element-e2c6675 elementor-widget elementor-widget-image\" data-id=\"e2c6675\" data-element_type=\"widget\" data-e-type=\"widget\" data-settings=\"{&quot;motion_fx_motion_fx_scrolling&quot;:&quot;yes&quot;,&quot;motion_fx_translateY_effect&quot;:&quot;yes&quot;,&quot;motion_fx_translateY_speed&quot;:{&quot;unit&quot;:&quot;px&quot;,&quot;size&quot;:1,&quot;sizes&quot;:[]},&quot;motion_fx_translateY_affectedRange&quot;:{&quot;unit&quot;:&quot;%&quot;,&quot;size&quot;:&quot;&quot;,&quot;sizes&quot;:{&quot;start&quot;:0,&quot;end&quot;:100}},&quot;motion_fx_devices&quot;:[&quot;desktop&quot;,&quot;tablet&quot;,&quot;mobile&quot;]}\" data-widget_type=\"image.default\">\n\t\t\t\t<div class=\"elementor-widget-container\">\n\t\t\t\t\t\t\t\t\t\t\t\t\t\t\t<img decoding=\"async\" width=\"640\" height=\"427\" src=\"https:\/\/www.baudo-iledere.fr\/wp-content\/uploads\/2026\/03\/GC-zeb-53.jpeg\" class=\"attachment-large size-large wp-image-4187\" alt=\"\" srcset=\"https:\/\/www.baudo-iledere.fr\/wp-content\/uploads\/2026\/03\/GC-zeb-53.jpeg 640w, https:\/\/www.baudo-iledere.fr\/wp-content\/uploads\/2026\/03\/GC-zeb-53-300x200.jpeg 300w\" sizes=\"(max-width: 640px) 100vw, 640px\" \/>\t\t\t\t\t\t\t\t\t\t\t\t\t\t\t<\/div>\n\t\t\t\t<\/div>\n\t\t\t\t<\/div>\n\t\t<div class=\"elementor-element elementor-element-3106963 e-con-full e-flex e-con e-child\" data-id=\"3106963\" data-element_type=\"container\" data-e-type=\"container\">\n\t\t\t\t<div class=\"elementor-element elementor-element-d57890f elementor-widget__width-initial elementor-widget elementor-widget-heading\" data-id=\"d57890f\" data-element_type=\"widget\" data-e-type=\"widget\" data-widget_type=\"heading.default\">\n\t\t\t\t<div class=\"elementor-widget-container\">\n\t\t\t\t\t<h2 class=\"elementor-heading-title elementor-size-default\">Our offers on \u00cele de R\u00e9 and La Rochelle<\/h2>\t\t\t\t<\/div>\n\t\t\t\t<\/div>\n\t\t<div class=\"elementor-element elementor-element-11d528d e-con-full e-flex e-con e-child\" data-id=\"11d528d\" data-element_type=\"container\" data-e-type=\"container\" data-settings=\"{&quot;background_background&quot;:&quot;classic&quot;}\">\n\t\t\t\t<div class=\"elementor-element elementor-element-3723b73 color-block elementor-widget elementor-widget-text-editor\" data-id=\"3723b73\" data-element_type=\"widget\" data-e-type=\"widget\" data-widget_type=\"text-editor.default\">\n\t\t\t\t<div class=\"elementor-widget-container\">\n\t\t\t\t\t\t\t\t\t<p><a href=\"https:\/\/www.baudo-iledere.fr\/en\/contact\/\">Contact us<\/a> to find out more about our ready-to-serve signature boxes, available for takeaway or delivery on the \u00cele de R\u00e9 and La Rochelle.<\/p>\t\t\t\t\t\t\t\t<\/div>\n\t\t\t\t<\/div>\n\t\t\t\t<\/div>\n\t\t\t\t<\/div>\n\t\t\t\t\t<\/div>\n\t\t\t\t<\/div>\n\t\t\t\t<\/div>\n\t\t","protected":false},"excerpt":{"rendered":"<p>Events Catering for your corporate events From simple dinners to trade shows and brand launches, sporting and cultural events and conventions, we design receptions that reflect your corporate identity. Our tailor-made culinary concepts can be adapted to any format, from cocktail parties to sit-down dinners and garden parties. Each service is designed to enhance your [&hellip;]<\/p>\n","protected":false},"author":1,"featured_media":0,"parent":2745,"menu_order":0,"comment_status":"closed","ping_status":"closed","template":"","meta":{"footnotes":""},"class_list":["post-2731","page","type-page","status-publish","hentry"],"yoast_head":"<title>Events - Baudo Ile de R\u00e9 - Traiteur et chefs priv\u00e9s<\/title>\n<meta name=\"description\" content=\"Baudo Ile de R\u00e9 offers you its catering services for your private events and professional events on the Ile de R\u00e9 and La Rochelle.\" \/>\n<meta name=\"robots\" content=\"index, follow, max-snippet:-1, max-image-preview:large, max-video-preview:-1\" \/>\n<link rel=\"canonical\" href=\"https:\/\/www.baudo-iledere.fr\/en\/your-caterer\/events\/\" \/>\n<meta property=\"og:locale\" content=\"en_US\" \/>\n<meta property=\"og:type\" content=\"article\" \/>\n<meta property=\"og:title\" content=\"Events - Baudo Ile de R\u00e9 - Traiteur et chefs priv\u00e9s\" \/>\n<meta property=\"og:description\" content=\"Baudo Ile de R\u00e9 offers you its catering services for your private events and professional events on the Ile de R\u00e9 and La Rochelle.\" \/>\n<meta property=\"og:url\" content=\"https:\/\/www.baudo-iledere.fr\/en\/your-caterer\/events\/\" \/>\n<meta property=\"og:site_name\" content=\"Baudo Ile de R\u00e9 - Traiteur et chefs priv\u00e9s\" \/>\n<meta property=\"article:publisher\" content=\"https:\/\/www.facebook.com\/baudoiledere\" \/>\n<meta property=\"article:modified_time\" content=\"2026-03-26T15:46:52+00:00\" \/>\n<meta property=\"og:image\" content=\"https:\/\/www.baudo-iledere.fr\/wp-content\/uploads\/2026\/03\/baudo-iledere-ravioles.jpeg\" \/>\n\t<meta property=\"og:image:width\" content=\"427\" \/>\n\t<meta property=\"og:image:height\" content=\"640\" \/>\n\t<meta property=\"og:image:type\" content=\"image\/jpeg\" \/>\n<meta name=\"twitter:card\" content=\"summary_large_image\" \/>\n<script type=\"application\/ld+json\" class=\"yoast-schema-graph\">{\"@context\":\"https:\/\/schema.org\",\"@graph\":[{\"@type\":\"WebPage\",\"@id\":\"https:\/\/www.baudo-iledere.fr\/en\/your-caterer\/events\/\",\"url\":\"https:\/\/www.baudo-iledere.fr\/en\/your-caterer\/events\/\",\"name\":\"Events - Baudo Ile de R\u00e9 - Traiteur et chefs priv\u00e9s\",\"isPartOf\":{\"@id\":\"https:\/\/www.baudo-iledere.fr\/#website\"},\"primaryImageOfPage\":{\"@id\":\"https:\/\/www.baudo-iledere.fr\/en\/your-caterer\/events\/#primaryimage\"},\"image\":{\"@id\":\"https:\/\/www.baudo-iledere.fr\/en\/your-caterer\/events\/#primaryimage\"},\"thumbnailUrl\":\"https:\/\/www.baudo-iledere.fr\/wp-content\/uploads\/2026\/03\/baudo-iledere-ravioles.jpeg\",\"datePublished\":\"2022-11-29T14:28:22+00:00\",\"dateModified\":\"2026-03-26T15:46:52+00:00\",\"description\":\"Baudo Ile de R\u00e9 offers you its catering services for your private events and professional events on the Ile de R\u00e9 and La Rochelle.\",\"breadcrumb\":{\"@id\":\"https:\/\/www.baudo-iledere.fr\/en\/your-caterer\/events\/#breadcrumb\"},\"inLanguage\":\"en-US\",\"potentialAction\":[{\"@type\":\"ReadAction\",\"target\":[\"https:\/\/www.baudo-iledere.fr\/en\/your-caterer\/events\/\"]}]},{\"@type\":\"ImageObject\",\"inLanguage\":\"en-US\",\"@id\":\"https:\/\/www.baudo-iledere.fr\/en\/your-caterer\/events\/#primaryimage\",\"url\":\"https:\/\/www.baudo-iledere.fr\/wp-content\/uploads\/2026\/03\/baudo-iledere-ravioles.jpeg\",\"contentUrl\":\"https:\/\/www.baudo-iledere.fr\/wp-content\/uploads\/2026\/03\/baudo-iledere-ravioles.jpeg\"},{\"@type\":\"BreadcrumbList\",\"@id\":\"https:\/\/www.baudo-iledere.fr\/en\/your-caterer\/events\/#breadcrumb\",\"itemListElement\":[{\"@type\":\"ListItem\",\"position\":1,\"name\":\"Accueil\",\"item\":\"https:\/\/www.baudo-iledere.fr\/en\/\"},{\"@type\":\"ListItem\",\"position\":2,\"name\":\"Your Caterer\",\"item\":\"https:\/\/www.baudo-iledere.fr\/en\/your-caterer\/\"},{\"@type\":\"ListItem\",\"position\":3,\"name\":\"Events\"}]},{\"@type\":\"WebSite\",\"@id\":\"https:\/\/www.baudo-iledere.fr\/#website\",\"url\":\"https:\/\/www.baudo-iledere.fr\/\",\"name\":\"Baudo Ile de R\u00e9 - Traiteur et Caviste\",\"description\":\"Votre traiteur sur l&#039;\u00cele de R\u00e9\",\"publisher\":{\"@id\":\"https:\/\/www.baudo-iledere.fr\/#organization\"},\"potentialAction\":[{\"@type\":\"SearchAction\",\"target\":{\"@type\":\"EntryPoint\",\"urlTemplate\":\"https:\/\/www.baudo-iledere.fr\/?s={search_term_string}\"},\"query-input\":{\"@type\":\"PropertyValueSpecification\",\"valueRequired\":true,\"valueName\":\"search_term_string\"}}],\"inLanguage\":\"en-US\"},{\"@type\":\"Organization\",\"@id\":\"https:\/\/www.baudo-iledere.fr\/#organization\",\"name\":\"Baudo Ile de R\u00e9 - Traiteur et Caviste\",\"url\":\"https:\/\/www.baudo-iledere.fr\/\",\"logo\":{\"@type\":\"ImageObject\",\"inLanguage\":\"en-US\",\"@id\":\"https:\/\/www.baudo-iledere.fr\/#\/schema\/logo\/image\/\",\"url\":\"https:\/\/www.baudo-iledere.fr\/wp-content\/uploads\/2022\/12\/logo-footer.png\",\"contentUrl\":\"https:\/\/www.baudo-iledere.fr\/wp-content\/uploads\/2022\/12\/logo-footer.png\",\"width\":284,\"height\":60,\"caption\":\"Baudo Ile de R\u00e9 - Traiteur et Caviste\"},\"image\":{\"@id\":\"https:\/\/www.baudo-iledere.fr\/#\/schema\/logo\/image\/\"},\"sameAs\":[\"https:\/\/www.facebook.com\/baudoiledere\",\"https:\/\/www.instagram.com\/baudo_iledere\/\"]}]}<\/script>","yoast_head_json":{"title":"Events - Baudo Ile de R\u00e9 - Traiteur et chefs priv\u00e9s","description":"Baudo Ile de R\u00e9 offers you its catering services for your private events and professional events on the Ile de R\u00e9 and La Rochelle.","robots":{"index":"index","follow":"follow","max-snippet":"max-snippet:-1","max-image-preview":"max-image-preview:large","max-video-preview":"max-video-preview:-1"},"canonical":"https:\/\/www.baudo-iledere.fr\/en\/your-caterer\/events\/","og_locale":"en_US","og_type":"article","og_title":"Events - Baudo Ile de R\u00e9 - Traiteur et chefs priv\u00e9s","og_description":"Baudo Ile de R\u00e9 offers you its catering services for your private events and professional events on the Ile de R\u00e9 and La Rochelle.","og_url":"https:\/\/www.baudo-iledere.fr\/en\/your-caterer\/events\/","og_site_name":"Baudo Ile de R\u00e9 - Traiteur et chefs priv\u00e9s","article_publisher":"https:\/\/www.facebook.com\/baudoiledere","article_modified_time":"2026-03-26T15:46:52+00:00","og_image":[{"width":427,"height":640,"url":"https:\/\/www.baudo-iledere.fr\/wp-content\/uploads\/2026\/03\/baudo-iledere-ravioles.jpeg","type":"image\/jpeg"}],"twitter_card":"summary_large_image","schema":{"@context":"https:\/\/schema.org","@graph":[{"@type":"WebPage","@id":"https:\/\/www.baudo-iledere.fr\/en\/your-caterer\/events\/","url":"https:\/\/www.baudo-iledere.fr\/en\/your-caterer\/events\/","name":"Events - Baudo Ile de R\u00e9 - Traiteur et chefs priv\u00e9s","isPartOf":{"@id":"https:\/\/www.baudo-iledere.fr\/#website"},"primaryImageOfPage":{"@id":"https:\/\/www.baudo-iledere.fr\/en\/your-caterer\/events\/#primaryimage"},"image":{"@id":"https:\/\/www.baudo-iledere.fr\/en\/your-caterer\/events\/#primaryimage"},"thumbnailUrl":"https:\/\/www.baudo-iledere.fr\/wp-content\/uploads\/2026\/03\/baudo-iledere-ravioles.jpeg","datePublished":"2022-11-29T14:28:22+00:00","dateModified":"2026-03-26T15:46:52+00:00","description":"Baudo Ile de R\u00e9 offers you its catering services for your private events and professional events on the Ile de R\u00e9 and La Rochelle.","breadcrumb":{"@id":"https:\/\/www.baudo-iledere.fr\/en\/your-caterer\/events\/#breadcrumb"},"inLanguage":"en-US","potentialAction":[{"@type":"ReadAction","target":["https:\/\/www.baudo-iledere.fr\/en\/your-caterer\/events\/"]}]},{"@type":"ImageObject","inLanguage":"en-US","@id":"https:\/\/www.baudo-iledere.fr\/en\/your-caterer\/events\/#primaryimage","url":"https:\/\/www.baudo-iledere.fr\/wp-content\/uploads\/2026\/03\/baudo-iledere-ravioles.jpeg","contentUrl":"https:\/\/www.baudo-iledere.fr\/wp-content\/uploads\/2026\/03\/baudo-iledere-ravioles.jpeg"},{"@type":"BreadcrumbList","@id":"https:\/\/www.baudo-iledere.fr\/en\/your-caterer\/events\/#breadcrumb","itemListElement":[{"@type":"ListItem","position":1,"name":"Accueil","item":"https:\/\/www.baudo-iledere.fr\/en\/"},{"@type":"ListItem","position":2,"name":"Your Caterer","item":"https:\/\/www.baudo-iledere.fr\/en\/your-caterer\/"},{"@type":"ListItem","position":3,"name":"Events"}]},{"@type":"WebSite","@id":"https:\/\/www.baudo-iledere.fr\/#website","url":"https:\/\/www.baudo-iledere.fr\/","name":"Baudo Ile de R\u00e9 - Traiteur et Caviste","description":"Votre traiteur sur l&#039;\u00cele de R\u00e9","publisher":{"@id":"https:\/\/www.baudo-iledere.fr\/#organization"},"potentialAction":[{"@type":"SearchAction","target":{"@type":"EntryPoint","urlTemplate":"https:\/\/www.baudo-iledere.fr\/?s={search_term_string}"},"query-input":{"@type":"PropertyValueSpecification","valueRequired":true,"valueName":"search_term_string"}}],"inLanguage":"en-US"},{"@type":"Organization","@id":"https:\/\/www.baudo-iledere.fr\/#organization","name":"Baudo Ile de R\u00e9 - Traiteur et Caviste","url":"https:\/\/www.baudo-iledere.fr\/","logo":{"@type":"ImageObject","inLanguage":"en-US","@id":"https:\/\/www.baudo-iledere.fr\/#\/schema\/logo\/image\/","url":"https:\/\/www.baudo-iledere.fr\/wp-content\/uploads\/2022\/12\/logo-footer.png","contentUrl":"https:\/\/www.baudo-iledere.fr\/wp-content\/uploads\/2022\/12\/logo-footer.png","width":284,"height":60,"caption":"Baudo Ile de R\u00e9 - Traiteur et Caviste"},"image":{"@id":"https:\/\/www.baudo-iledere.fr\/#\/schema\/logo\/image\/"},"sameAs":["https:\/\/www.facebook.com\/baudoiledere","https:\/\/www.instagram.com\/baudo_iledere\/"]}]}},"_links":{"self":[{"href":"https:\/\/www.baudo-iledere.fr\/en\/wp-json\/wp\/v2\/pages\/2731","targetHints":{"allow":["GET"]}}],"collection":[{"href":"https:\/\/www.baudo-iledere.fr\/en\/wp-json\/wp\/v2\/pages"}],"about":[{"href":"https:\/\/www.baudo-iledere.fr\/en\/wp-json\/wp\/v2\/types\/page"}],"author":[{"embeddable":true,"href":"https:\/\/www.baudo-iledere.fr\/en\/wp-json\/wp\/v2\/users\/1"}],"replies":[{"embeddable":true,"href":"https:\/\/www.baudo-iledere.fr\/en\/wp-json\/wp\/v2\/comments?post=2731"}],"version-history":[{"count":3,"href":"https:\/\/www.baudo-iledere.fr\/en\/wp-json\/wp\/v2\/pages\/2731\/revisions"}],"predecessor-version":[{"id":4256,"href":"https:\/\/www.baudo-iledere.fr\/en\/wp-json\/wp\/v2\/pages\/2731\/revisions\/4256"}],"up":[{"embeddable":true,"href":"https:\/\/www.baudo-iledere.fr\/en\/wp-json\/wp\/v2\/pages\/2745"}],"wp:attachment":[{"href":"https:\/\/www.baudo-iledere.fr\/en\/wp-json\/wp\/v2\/media?parent=2731"}],"curies":[{"name":"wp","href":"https:\/\/api.w.org\/{rel}","templated":true}]}}