{"id":2738,"date":"2023-01-19T17:00:23","date_gmt":"2023-01-19T16:00:23","guid":{"rendered":"https:\/\/baudo-iledere.naskigo-web82-prod.ngsrv.eu\/our-showroom\/"},"modified":"2026-03-26T16:46:53","modified_gmt":"2026-03-26T15:46:53","slug":"our-showroom","status":"publish","type":"page","link":"https:\/\/www.baudo-iledere.fr\/en\/our-showroom\/","title":{"rendered":"Wine &amp; Champagne Cellar"},"content":{"rendered":"\t\t<div data-elementor-type=\"wp-page\" data-elementor-id=\"2738\" class=\"elementor elementor-2738 elementor-2097\" data-elementor-post-type=\"page\">\n\t\t\t\t<div class=\"elementor-element elementor-element-57dbe06 e-flex e-con-boxed e-con e-parent\" data-id=\"57dbe06\" data-element_type=\"container\" data-e-type=\"container\" data-settings=\"{&quot;background_background&quot;:&quot;classic&quot;}\">\n\t\t\t\t\t<div class=\"e-con-inner\">\n\t\t\t\t<div class=\"elementor-element elementor-element-7f98dd5 elementor-align-left elementor-widget__width-inherit elementor-widget elementor-widget-breadcrumbs\" data-id=\"7f98dd5\" data-element_type=\"widget\" data-e-type=\"widget\" data-widget_type=\"breadcrumbs.default\">\n\t\t\t\t<div class=\"elementor-widget-container\">\n\t\t\t\t\t<span id=\"breadcrumbs\"><ul><li><a href=\"https:\/\/www.baudo-iledere.fr\/en\/\">Accueil<\/a><\/li><\/ul><\/span>\t\t\t\t<\/div>\n\t\t\t\t<\/div>\n\t\t\t\t\t<\/div>\n\t\t\t\t<\/div>\n\t\t<div class=\"elementor-element elementor-element-115029b e-con-full e-flex e-con e-parent\" data-id=\"115029b\" data-element_type=\"container\" data-e-type=\"container\">\n\t\t<div class=\"elementor-element elementor-element-18b030c e-flex e-con-boxed e-con e-child\" data-id=\"18b030c\" data-element_type=\"container\" data-e-type=\"container\">\n\t\t\t\t\t<div class=\"e-con-inner\">\n\t\t<div class=\"elementor-element elementor-element-7718d15 e-con-full e-flex e-con e-child\" data-id=\"7718d15\" data-element_type=\"container\" data-e-type=\"container\">\n\t\t\t\t<div class=\"elementor-element elementor-element-8a9b6e6 elementor-widget__width-initial elementor-widget elementor-widget-heading\" data-id=\"8a9b6e6\" data-element_type=\"widget\" data-e-type=\"widget\" data-widget_type=\"heading.default\">\n\t\t\t\t<div class=\"elementor-widget-container\">\n\t\t\t\t\t<h1 class=\"elementor-heading-title elementor-size-default\">Wine Cellar <span style=\"font-family:poppins;font-weight:300\">&amp; <\/span><br>Champagnes<\/h1>\t\t\t\t<\/div>\n\t\t\t\t<\/div>\n\t\t\t\t<\/div>\n\t\t\t\t<div class=\"elementor-element elementor-element-50c2c9d elementor-widget__width-initial elementor-widget-mobile__width-initial animated-slow elementor-hidden-desktop elementor-hidden-tablet elementor-hidden-mobile elementor-widget-divider--view-line elementor-invisible elementor-widget elementor-widget-divider\" data-id=\"50c2c9d\" data-element_type=\"widget\" data-e-type=\"widget\" data-settings=\"{&quot;_animation&quot;:&quot;fadeInLeft&quot;}\" data-widget_type=\"divider.default\">\n\t\t\t\t<div class=\"elementor-widget-container\">\n\t\t\t\t\t\t\t<div class=\"elementor-divider\">\n\t\t\t<span class=\"elementor-divider-separator\">\n\t\t\t\t\t\t<\/span>\n\t\t<\/div>\n\t\t\t\t\t\t<\/div>\n\t\t\t\t<\/div>\n\t\t\t\t\t<\/div>\n\t\t\t\t<\/div>\n\t\t\t\t<\/div>\n\t\t<div class=\"elementor-element elementor-element-9d5a128 e-flex e-con-boxed e-con e-parent\" data-id=\"9d5a128\" data-element_type=\"container\" data-e-type=\"container\">\n\t\t\t\t\t<div class=\"e-con-inner\">\n\t\t<div class=\"elementor-element elementor-element-1415c03 e-con-full elementor-hidden-mobile elementor-hidden-tablet e-flex e-con e-child\" data-id=\"1415c03\" data-element_type=\"container\" data-e-type=\"container\">\n\t\t\t\t<div class=\"elementor-element elementor-element-79e9142 elementor-widget__width-initial e-transform elementor-widget-divider--view-line elementor-widget elementor-widget-divider\" data-id=\"79e9142\" data-element_type=\"widget\" data-e-type=\"widget\" data-settings=\"{&quot;_transform_rotateZ_effect&quot;:{&quot;unit&quot;:&quot;px&quot;,&quot;size&quot;:-90,&quot;sizes&quot;:[]},&quot;_transform_rotateZ_effect_tablet&quot;:{&quot;unit&quot;:&quot;deg&quot;,&quot;size&quot;:&quot;&quot;,&quot;sizes&quot;:[]},&quot;_transform_rotateZ_effect_mobile&quot;:{&quot;unit&quot;:&quot;deg&quot;,&quot;size&quot;:&quot;&quot;,&quot;sizes&quot;:[]}}\" data-widget_type=\"divider.default\">\n\t\t\t\t<div class=\"elementor-widget-container\">\n\t\t\t\t\t\t\t<div class=\"elementor-divider\">\n\t\t\t<span class=\"elementor-divider-separator\">\n\t\t\t\t\t\t<\/span>\n\t\t<\/div>\n\t\t\t\t\t\t<\/div>\n\t\t\t\t<\/div>\n\t\t\t\t<div class=\"elementor-element elementor-element-8d191bd eael_vto-vertical-lr elementor-widget elementor-widget-text-editor\" data-id=\"8d191bd\" data-element_type=\"widget\" data-e-type=\"widget\" data-widget_type=\"text-editor.default\">\n\t\t\t\t<div class=\"elementor-widget-container\">\n\t\t\t\t\t\t\t\t\t<p>Ile de R\u00e9<\/p>\t\t\t\t\t\t\t\t<\/div>\n\t\t\t\t<\/div>\n\t\t\t\t<div class=\"elementor-element elementor-element-abc1aad eael_vto-vertical-lr elementor-widget elementor-widget-text-editor\" data-id=\"abc1aad\" data-element_type=\"widget\" data-e-type=\"widget\" data-widget_type=\"text-editor.default\">\n\t\t\t\t<div class=\"elementor-widget-container\">\n\t\t\t\t\t\t\t\t\t<p>Wine cellar<\/p>\t\t\t\t\t\t\t\t<\/div>\n\t\t\t\t<\/div>\n\t\t\t\t<\/div>\n\t\t<div class=\"elementor-element elementor-element-41656c3 e-con-full e-flex e-con e-child\" data-id=\"41656c3\" data-element_type=\"container\" data-e-type=\"container\">\n\t\t\t\t<div class=\"elementor-element elementor-element-373037b elementor-widget elementor-widget-image\" data-id=\"373037b\" data-element_type=\"widget\" data-e-type=\"widget\" data-widget_type=\"image.default\">\n\t\t\t\t<div class=\"elementor-widget-container\">\n\t\t\t\t\t\t\t\t\t\t\t\t\t\t\t<img fetchpriority=\"high\" decoding=\"async\" width=\"710\" height=\"710\" src=\"https:\/\/www.baudo-iledere.fr\/wp-content\/uploads\/2026\/03\/Cave-Ile-de-Re.jpg\" class=\"attachment-large size-large wp-image-3998\" alt=\"\" srcset=\"https:\/\/www.baudo-iledere.fr\/wp-content\/uploads\/2026\/03\/Cave-Ile-de-Re.jpg 710w, https:\/\/www.baudo-iledere.fr\/wp-content\/uploads\/2026\/03\/Cave-Ile-de-Re-300x300.jpg 300w, https:\/\/www.baudo-iledere.fr\/wp-content\/uploads\/2026\/03\/Cave-Ile-de-Re-150x150.jpg 150w\" sizes=\"(max-width: 710px) 100vw, 710px\" \/>\t\t\t\t\t\t\t\t\t\t\t\t\t\t\t<\/div>\n\t\t\t\t<\/div>\n\t\t\t\t<\/div>\n\t\t<div class=\"elementor-element elementor-element-2b1b7e8 e-con-full e-flex e-con e-child\" data-id=\"2b1b7e8\" data-element_type=\"container\" data-e-type=\"container\" data-settings=\"{&quot;background_background&quot;:&quot;classic&quot;,&quot;motion_fx_motion_fx_scrolling&quot;:&quot;yes&quot;,&quot;motion_fx_translateY_effect&quot;:&quot;yes&quot;,&quot;motion_fx_translateY_speed&quot;:{&quot;unit&quot;:&quot;px&quot;,&quot;size&quot;:2,&quot;sizes&quot;:[]},&quot;motion_fx_translateY_affectedRange&quot;:{&quot;unit&quot;:&quot;%&quot;,&quot;size&quot;:&quot;&quot;,&quot;sizes&quot;:{&quot;start&quot;:0,&quot;end&quot;:100}},&quot;motion_fx_devices&quot;:[&quot;desktop&quot;,&quot;tablet&quot;,&quot;mobile&quot;]}\">\n\t\t\t\t<div class=\"elementor-element elementor-element-52a0a42 elementor-widget elementor-widget-heading\" data-id=\"52a0a42\" data-element_type=\"widget\" data-e-type=\"widget\" data-widget_type=\"heading.default\">\n\t\t\t\t<div class=\"elementor-widget-container\">\n\t\t\t\t\t<h2 class=\"elementor-heading-title elementor-size-default\">At Baudo - \u00cele de R\u00e9, we offer a selection of wines and champagnes<\/h2>\t\t\t\t<\/div>\n\t\t\t\t<\/div>\n\t\t\t\t<div class=\"elementor-element elementor-element-308718e elementor-widget elementor-widget-heading\" data-id=\"308718e\" data-element_type=\"widget\" data-e-type=\"widget\" data-widget_type=\"heading.default\">\n\t\t\t\t<div class=\"elementor-widget-container\">\n\t\t\t\t\t<h2 class=\"elementor-heading-title elementor-size-default\">Wine cellar open all year round<\/h2>\t\t\t\t<\/div>\n\t\t\t\t<\/div>\n\t\t\t\t<div class=\"elementor-element elementor-element-0b150fb elementor-widget elementor-widget-text-editor\" data-id=\"0b150fb\" data-element_type=\"widget\" data-e-type=\"widget\" data-widget_type=\"text-editor.default\">\n\t\t\t\t<div class=\"elementor-widget-container\">\n\t\t\t\t\t\t\t\t\t<ul><li><strong>Appellation wines<\/strong>: for those who appreciate consistency and balance.<\/li><li><strong>Natural wines<\/strong>: for connoisseurs looking for discovery and character.<\/li><\/ul><p> <\/p><p>All our choices focus on the <strong>quality of our products<\/strong> and <strong>respect for the environment<\/strong>.<\/p><p>With our &#8220;turnkey&#8221; offer, we can help you find the right food and wine pairings to suit your tastes and budget, for all your events.<\/p><p>We organize wine and champagne tastings to enhance your receptions.<\/p>\t\t\t\t\t\t\t\t<\/div>\n\t\t\t\t<\/div>\n\t\t\t\t<\/div>\n\t\t\t\t\t<\/div>\n\t\t\t\t<\/div>\n\t\t<div class=\"elementor-element elementor-element-230b4968 e-con-full e-flex e-con e-parent\" data-id=\"230b4968\" data-element_type=\"container\" data-e-type=\"container\" data-settings=\"{&quot;background_background&quot;:&quot;classic&quot;}\">\n\t\t\t\t<\/div>\n\t\t<div class=\"elementor-element elementor-element-2691ad62 e-flex e-con-boxed e-con e-parent\" data-id=\"2691ad62\" data-element_type=\"container\" data-e-type=\"container\">\n\t\t\t\t\t<div class=\"e-con-inner\">\n\t\t<div class=\"elementor-element elementor-element-39be86bb e-con-full e-flex e-con e-child\" data-id=\"39be86bb\" data-element_type=\"container\" data-e-type=\"container\" data-settings=\"{&quot;background_background&quot;:&quot;classic&quot;,&quot;motion_fx_motion_fx_scrolling&quot;:&quot;yes&quot;,&quot;motion_fx_translateY_effect&quot;:&quot;yes&quot;,&quot;motion_fx_translateY_direction&quot;:&quot;negative&quot;,&quot;motion_fx_translateY_speed&quot;:{&quot;unit&quot;:&quot;px&quot;,&quot;size&quot;:2,&quot;sizes&quot;:[]},&quot;motion_fx_translateY_affectedRange&quot;:{&quot;unit&quot;:&quot;%&quot;,&quot;size&quot;:&quot;&quot;,&quot;sizes&quot;:{&quot;start&quot;:0,&quot;end&quot;:100}},&quot;motion_fx_devices&quot;:[&quot;desktop&quot;,&quot;tablet&quot;,&quot;mobile&quot;]}\">\n\t\t\t\t<div class=\"elementor-element elementor-element-343f1c3 elementor-widget elementor-widget-heading\" data-id=\"343f1c3\" data-element_type=\"widget\" data-e-type=\"widget\" data-widget_type=\"heading.default\">\n\t\t\t\t<div class=\"elementor-widget-container\">\n\t\t\t\t\t<h2 class=\"elementor-heading-title elementor-size-default\">Come and meet our producers<\/h2>\t\t\t\t<\/div>\n\t\t\t\t<\/div>\n\t\t\t\t<div class=\"elementor-element elementor-element-32ae6d88 color-block elementor-widget elementor-widget-text-editor\" data-id=\"32ae6d88\" data-element_type=\"widget\" data-e-type=\"widget\" data-widget_type=\"text-editor.default\">\n\t\t\t\t<div class=\"elementor-widget-container\">\n\t\t\t\t\t\t\t\t\t<p>Throughout the year, we also offer <strong>meetings with our producers<\/strong>, to discover the history and passion behind each bottle.<\/p><p>We&#8217;ll work with you to determine the quantities you need, and take care of preparation and delivery to your event venue.<\/p>\t\t\t\t\t\t\t\t<\/div>\n\t\t\t\t<\/div>\n\t\t\t\t<div class=\"elementor-element elementor-element-28d59f77 elementor-widget elementor-widget-text-editor\" data-id=\"28d59f77\" data-element_type=\"widget\" data-e-type=\"widget\" data-widget_type=\"text-editor.default\">\n\t\t\t\t<div class=\"elementor-widget-container\">\n\t\t\t\t\t\t\t\t\t<p>Alcohol abuse is dangerous for your health, consume in moderation.<\/p>\t\t\t\t\t\t\t\t<\/div>\n\t\t\t\t<\/div>\n\t\t<div class=\"elementor-element elementor-element-2a5dfe9e e-flex e-con-boxed e-con e-child\" data-id=\"2a5dfe9e\" data-element_type=\"container\" data-e-type=\"container\">\n\t\t\t\t\t<div class=\"e-con-inner\">\n\t\t\t\t<div class=\"elementor-element elementor-element-18b1059 elementor-widget elementor-widget-button\" data-id=\"18b1059\" data-element_type=\"widget\" data-e-type=\"widget\" data-widget_type=\"button.default\">\n\t\t\t\t<div class=\"elementor-widget-container\">\n\t\t\t\t\t\t\t\t\t<div class=\"elementor-button-wrapper\">\n\t\t\t\t\t<a class=\"elementor-button elementor-button-link elementor-size-sm\" href=\"https:\/\/www.baudo-iledere.fr\/en\/contact\/\">\n\t\t\t\t\t\t<span class=\"elementor-button-content-wrapper\">\n\t\t\t\t\t\t\t\t\t<span class=\"elementor-button-text\">Contact us<\/span>\n\t\t\t\t\t<\/span>\n\t\t\t\t\t<\/a>\n\t\t\t\t<\/div>\n\t\t\t\t\t\t\t\t<\/div>\n\t\t\t\t<\/div>\n\t\t\t\t\t<\/div>\n\t\t\t\t<\/div>\n\t\t\t\t<\/div>\n\t\t\t\t\t<\/div>\n\t\t\t\t<\/div>\n\t\t\t\t<\/div>\n\t\t","protected":false},"excerpt":{"rendered":"<p>Wine Cellar &amp; Champagnes Ile de R\u00e9 Wine cellar At Baudo &#8211; \u00cele de R\u00e9, we offer a selection of wines and champagnes Wine cellar open all year round Appellation wines: for those who appreciate consistency and balance. Natural wines: for connoisseurs looking for discovery and character. All our choices focus on the quality of [&hellip;]<\/p>\n","protected":false},"author":1,"featured_media":0,"parent":0,"menu_order":0,"comment_status":"closed","ping_status":"closed","template":"","meta":{"footnotes":""},"class_list":["post-2738","page","type-page","status-publish","hentry"],"yoast_head":"<title>Wine &amp; Champagne Cellar - Baudo Ile de R\u00e9 - Traiteur et chefs priv\u00e9s<\/title>\n<meta name=\"description\" content=\"A friendly and warm showroom for your &quot;food and wine pairing&quot; tastings and to develop your wedding menu together.\" \/>\n<meta name=\"robots\" content=\"index, follow, max-snippet:-1, max-image-preview:large, max-video-preview:-1\" \/>\n<link rel=\"canonical\" href=\"https:\/\/www.baudo-iledere.fr\/en\/our-showroom\/\" \/>\n<meta property=\"og:locale\" content=\"en_US\" \/>\n<meta property=\"og:type\" content=\"article\" \/>\n<meta property=\"og:title\" content=\"Wine &amp; Champagne Cellar - Baudo Ile de R\u00e9 - Traiteur et chefs priv\u00e9s\" \/>\n<meta property=\"og:description\" content=\"A friendly and warm showroom for your &quot;food and wine pairing&quot; tastings and to develop your wedding menu together.\" \/>\n<meta property=\"og:url\" content=\"https:\/\/www.baudo-iledere.fr\/en\/our-showroom\/\" \/>\n<meta property=\"og:site_name\" content=\"Baudo Ile de R\u00e9 - Traiteur et chefs priv\u00e9s\" \/>\n<meta property=\"article:publisher\" content=\"https:\/\/www.facebook.com\/baudoiledere\" \/>\n<meta property=\"article:modified_time\" content=\"2026-03-26T15:46:53+00:00\" \/>\n<meta property=\"og:image\" content=\"https:\/\/www.baudo-iledere.fr\/wp-content\/uploads\/2026\/03\/Cave-Ile-de-Re.jpg\" \/>\n\t<meta property=\"og:image:width\" content=\"710\" \/>\n\t<meta property=\"og:image:height\" content=\"710\" \/>\n\t<meta property=\"og:image:type\" content=\"image\/jpeg\" \/>\n<meta name=\"twitter:card\" content=\"summary_large_image\" \/>\n<script type=\"application\/ld+json\" class=\"yoast-schema-graph\">{\"@context\":\"https:\/\/schema.org\",\"@graph\":[{\"@type\":\"WebPage\",\"@id\":\"https:\/\/www.baudo-iledere.fr\/en\/our-showroom\/\",\"url\":\"https:\/\/www.baudo-iledere.fr\/en\/our-showroom\/\",\"name\":\"Wine &amp; Champagne Cellar - Baudo Ile de R\u00e9 - Traiteur et chefs priv\u00e9s\",\"isPartOf\":{\"@id\":\"https:\/\/www.baudo-iledere.fr\/#website\"},\"primaryImageOfPage\":{\"@id\":\"https:\/\/www.baudo-iledere.fr\/en\/our-showroom\/#primaryimage\"},\"image\":{\"@id\":\"https:\/\/www.baudo-iledere.fr\/en\/our-showroom\/#primaryimage\"},\"thumbnailUrl\":\"https:\/\/www.baudo-iledere.fr\/wp-content\/uploads\/2026\/03\/Cave-Ile-de-Re.jpg\",\"datePublished\":\"2023-01-19T16:00:23+00:00\",\"dateModified\":\"2026-03-26T15:46:53+00:00\",\"description\":\"A friendly and warm showroom for your \\\"food and wine pairing\\\" tastings and to develop your wedding menu together.\",\"breadcrumb\":{\"@id\":\"https:\/\/www.baudo-iledere.fr\/en\/our-showroom\/#breadcrumb\"},\"inLanguage\":\"en-US\",\"potentialAction\":[{\"@type\":\"ReadAction\",\"target\":[\"https:\/\/www.baudo-iledere.fr\/en\/our-showroom\/\"]}]},{\"@type\":\"ImageObject\",\"inLanguage\":\"en-US\",\"@id\":\"https:\/\/www.baudo-iledere.fr\/en\/our-showroom\/#primaryimage\",\"url\":\"https:\/\/www.baudo-iledere.fr\/wp-content\/uploads\/2026\/03\/Cave-Ile-de-Re.jpg\",\"contentUrl\":\"https:\/\/www.baudo-iledere.fr\/wp-content\/uploads\/2026\/03\/Cave-Ile-de-Re.jpg\"},{\"@type\":\"BreadcrumbList\",\"@id\":\"https:\/\/www.baudo-iledere.fr\/en\/our-showroom\/#breadcrumb\",\"itemListElement\":[{\"@type\":\"ListItem\",\"position\":1,\"name\":\"Accueil\",\"item\":\"https:\/\/www.baudo-iledere.fr\/en\/\"},{\"@type\":\"ListItem\",\"position\":2,\"name\":\"Wine &amp; Champagne Cellar\"}]},{\"@type\":\"WebSite\",\"@id\":\"https:\/\/www.baudo-iledere.fr\/#website\",\"url\":\"https:\/\/www.baudo-iledere.fr\/\",\"name\":\"Baudo Ile de R\u00e9 - Traiteur et Caviste\",\"description\":\"Votre traiteur sur l&#039;\u00cele de R\u00e9\",\"publisher\":{\"@id\":\"https:\/\/www.baudo-iledere.fr\/#organization\"},\"potentialAction\":[{\"@type\":\"SearchAction\",\"target\":{\"@type\":\"EntryPoint\",\"urlTemplate\":\"https:\/\/www.baudo-iledere.fr\/?s={search_term_string}\"},\"query-input\":{\"@type\":\"PropertyValueSpecification\",\"valueRequired\":true,\"valueName\":\"search_term_string\"}}],\"inLanguage\":\"en-US\"},{\"@type\":\"Organization\",\"@id\":\"https:\/\/www.baudo-iledere.fr\/#organization\",\"name\":\"Baudo Ile de R\u00e9 - Traiteur et Caviste\",\"url\":\"https:\/\/www.baudo-iledere.fr\/\",\"logo\":{\"@type\":\"ImageObject\",\"inLanguage\":\"en-US\",\"@id\":\"https:\/\/www.baudo-iledere.fr\/#\/schema\/logo\/image\/\",\"url\":\"https:\/\/www.baudo-iledere.fr\/wp-content\/uploads\/2022\/12\/logo-footer.png\",\"contentUrl\":\"https:\/\/www.baudo-iledere.fr\/wp-content\/uploads\/2022\/12\/logo-footer.png\",\"width\":284,\"height\":60,\"caption\":\"Baudo Ile de R\u00e9 - Traiteur et Caviste\"},\"image\":{\"@id\":\"https:\/\/www.baudo-iledere.fr\/#\/schema\/logo\/image\/\"},\"sameAs\":[\"https:\/\/www.facebook.com\/baudoiledere\",\"https:\/\/www.instagram.com\/baudo_iledere\/\"]}]}<\/script>","yoast_head_json":{"title":"Wine &amp; Champagne Cellar - Baudo Ile de R\u00e9 - Traiteur et chefs priv\u00e9s","description":"A friendly and warm showroom for your \"food and wine pairing\" tastings and to develop your wedding menu together.","robots":{"index":"index","follow":"follow","max-snippet":"max-snippet:-1","max-image-preview":"max-image-preview:large","max-video-preview":"max-video-preview:-1"},"canonical":"https:\/\/www.baudo-iledere.fr\/en\/our-showroom\/","og_locale":"en_US","og_type":"article","og_title":"Wine &amp; Champagne Cellar - Baudo Ile de R\u00e9 - Traiteur et chefs priv\u00e9s","og_description":"A friendly and warm showroom for your \"food and wine pairing\" tastings and to develop your wedding menu together.","og_url":"https:\/\/www.baudo-iledere.fr\/en\/our-showroom\/","og_site_name":"Baudo Ile de R\u00e9 - Traiteur et chefs priv\u00e9s","article_publisher":"https:\/\/www.facebook.com\/baudoiledere","article_modified_time":"2026-03-26T15:46:53+00:00","og_image":[{"width":710,"height":710,"url":"https:\/\/www.baudo-iledere.fr\/wp-content\/uploads\/2026\/03\/Cave-Ile-de-Re.jpg","type":"image\/jpeg"}],"twitter_card":"summary_large_image","schema":{"@context":"https:\/\/schema.org","@graph":[{"@type":"WebPage","@id":"https:\/\/www.baudo-iledere.fr\/en\/our-showroom\/","url":"https:\/\/www.baudo-iledere.fr\/en\/our-showroom\/","name":"Wine &amp; Champagne Cellar - Baudo Ile de R\u00e9 - Traiteur et chefs priv\u00e9s","isPartOf":{"@id":"https:\/\/www.baudo-iledere.fr\/#website"},"primaryImageOfPage":{"@id":"https:\/\/www.baudo-iledere.fr\/en\/our-showroom\/#primaryimage"},"image":{"@id":"https:\/\/www.baudo-iledere.fr\/en\/our-showroom\/#primaryimage"},"thumbnailUrl":"https:\/\/www.baudo-iledere.fr\/wp-content\/uploads\/2026\/03\/Cave-Ile-de-Re.jpg","datePublished":"2023-01-19T16:00:23+00:00","dateModified":"2026-03-26T15:46:53+00:00","description":"A friendly and warm showroom for your \"food and wine pairing\" tastings and to develop your wedding menu together.","breadcrumb":{"@id":"https:\/\/www.baudo-iledere.fr\/en\/our-showroom\/#breadcrumb"},"inLanguage":"en-US","potentialAction":[{"@type":"ReadAction","target":["https:\/\/www.baudo-iledere.fr\/en\/our-showroom\/"]}]},{"@type":"ImageObject","inLanguage":"en-US","@id":"https:\/\/www.baudo-iledere.fr\/en\/our-showroom\/#primaryimage","url":"https:\/\/www.baudo-iledere.fr\/wp-content\/uploads\/2026\/03\/Cave-Ile-de-Re.jpg","contentUrl":"https:\/\/www.baudo-iledere.fr\/wp-content\/uploads\/2026\/03\/Cave-Ile-de-Re.jpg"},{"@type":"BreadcrumbList","@id":"https:\/\/www.baudo-iledere.fr\/en\/our-showroom\/#breadcrumb","itemListElement":[{"@type":"ListItem","position":1,"name":"Accueil","item":"https:\/\/www.baudo-iledere.fr\/en\/"},{"@type":"ListItem","position":2,"name":"Wine &amp; Champagne Cellar"}]},{"@type":"WebSite","@id":"https:\/\/www.baudo-iledere.fr\/#website","url":"https:\/\/www.baudo-iledere.fr\/","name":"Baudo Ile de R\u00e9 - Traiteur et Caviste","description":"Votre traiteur sur l&#039;\u00cele de R\u00e9","publisher":{"@id":"https:\/\/www.baudo-iledere.fr\/#organization"},"potentialAction":[{"@type":"SearchAction","target":{"@type":"EntryPoint","urlTemplate":"https:\/\/www.baudo-iledere.fr\/?s={search_term_string}"},"query-input":{"@type":"PropertyValueSpecification","valueRequired":true,"valueName":"search_term_string"}}],"inLanguage":"en-US"},{"@type":"Organization","@id":"https:\/\/www.baudo-iledere.fr\/#organization","name":"Baudo Ile de R\u00e9 - Traiteur et Caviste","url":"https:\/\/www.baudo-iledere.fr\/","logo":{"@type":"ImageObject","inLanguage":"en-US","@id":"https:\/\/www.baudo-iledere.fr\/#\/schema\/logo\/image\/","url":"https:\/\/www.baudo-iledere.fr\/wp-content\/uploads\/2022\/12\/logo-footer.png","contentUrl":"https:\/\/www.baudo-iledere.fr\/wp-content\/uploads\/2022\/12\/logo-footer.png","width":284,"height":60,"caption":"Baudo Ile de R\u00e9 - Traiteur et Caviste"},"image":{"@id":"https:\/\/www.baudo-iledere.fr\/#\/schema\/logo\/image\/"},"sameAs":["https:\/\/www.facebook.com\/baudoiledere","https:\/\/www.instagram.com\/baudo_iledere\/"]}]}},"_links":{"self":[{"href":"https:\/\/www.baudo-iledere.fr\/en\/wp-json\/wp\/v2\/pages\/2738","targetHints":{"allow":["GET"]}}],"collection":[{"href":"https:\/\/www.baudo-iledere.fr\/en\/wp-json\/wp\/v2\/pages"}],"about":[{"href":"https:\/\/www.baudo-iledere.fr\/en\/wp-json\/wp\/v2\/types\/page"}],"author":[{"embeddable":true,"href":"https:\/\/www.baudo-iledere.fr\/en\/wp-json\/wp\/v2\/users\/1"}],"replies":[{"embeddable":true,"href":"https:\/\/www.baudo-iledere.fr\/en\/wp-json\/wp\/v2\/comments?post=2738"}],"version-history":[{"count":5,"href":"https:\/\/www.baudo-iledere.fr\/en\/wp-json\/wp\/v2\/pages\/2738\/revisions"}],"predecessor-version":[{"id":4231,"href":"https:\/\/www.baudo-iledere.fr\/en\/wp-json\/wp\/v2\/pages\/2738\/revisions\/4231"}],"wp:attachment":[{"href":"https:\/\/www.baudo-iledere.fr\/en\/wp-json\/wp\/v2\/media?parent=2738"}],"curies":[{"name":"wp","href":"https:\/\/api.w.org\/{rel}","templated":true}]}}