{"id":2745,"date":"2022-11-29T15:24:36","date_gmt":"2022-11-29T14:24:36","guid":{"rendered":"https:\/\/baudo-iledere.naskigo-web82-prod.ngsrv.eu\/your-caterer\/"},"modified":"2026-03-19T17:51:55","modified_gmt":"2026-03-19T16:51:55","slug":"your-caterer","status":"publish","type":"page","link":"https:\/\/www.baudo-iledere.fr\/en\/your-caterer\/","title":{"rendered":"Your Caterer"},"content":{"rendered":"\t\t<div data-elementor-type=\"wp-page\" data-elementor-id=\"2745\" class=\"elementor elementor-2745 elementor-10\" data-elementor-post-type=\"page\">\n\t\t\t\t<div class=\"elementor-element elementor-element-888c126 e-flex e-con-boxed e-con e-parent\" data-id=\"888c126\" data-element_type=\"container\" data-e-type=\"container\" data-settings=\"{&quot;background_background&quot;:&quot;classic&quot;}\">\n\t\t\t\t\t<div class=\"e-con-inner\">\n\t\t\t\t<div class=\"elementor-element elementor-element-43f2ba0 elementor-align-left elementor-widget__width-inherit elementor-widget elementor-widget-breadcrumbs\" data-id=\"43f2ba0\" data-element_type=\"widget\" data-e-type=\"widget\" data-widget_type=\"breadcrumbs.default\">\n\t\t\t\t<div class=\"elementor-widget-container\">\n\t\t\t\t\t<span id=\"breadcrumbs\"><ul><li><a href=\"https:\/\/www.baudo-iledere.fr\/en\/\">Accueil<\/a><\/li><\/ul><\/span>\t\t\t\t<\/div>\n\t\t\t\t<\/div>\n\t\t\t\t\t<\/div>\n\t\t\t\t<\/div>\n\t\t<div class=\"elementor-element elementor-element-25fbec7 e-con-full e-flex e-con e-parent\" data-id=\"25fbec7\" data-element_type=\"container\" data-e-type=\"container\">\n\t\t<div class=\"elementor-element elementor-element-2eb684d e-flex e-con-boxed e-con e-child\" data-id=\"2eb684d\" data-element_type=\"container\" data-e-type=\"container\">\n\t\t\t\t\t<div class=\"e-con-inner\">\n\t\t<div class=\"elementor-element elementor-element-fa2373e e-con-full e-flex e-con e-child\" data-id=\"fa2373e\" data-element_type=\"container\" data-e-type=\"container\">\n\t\t\t\t<div class=\"elementor-element elementor-element-147cd14 elementor-widget__width-initial elementor-widget elementor-widget-heading\" data-id=\"147cd14\" data-element_type=\"widget\" data-e-type=\"widget\" data-widget_type=\"heading.default\">\n\t\t\t\t<div class=\"elementor-widget-container\">\n\t\t\t\t\t<h1 class=\"elementor-heading-title elementor-size-default\">Your Caterer<\/h1>\t\t\t\t<\/div>\n\t\t\t\t<\/div>\n\t\t\t\t<\/div>\n\t\t\t\t<div class=\"elementor-element elementor-element-1fe33c0 elementor-widget__width-initial elementor-widget-mobile__width-initial animated-slow elementor-hidden-desktop elementor-hidden-tablet elementor-hidden-mobile elementor-widget-divider--view-line elementor-invisible elementor-widget elementor-widget-divider\" data-id=\"1fe33c0\" data-element_type=\"widget\" data-e-type=\"widget\" data-settings=\"{&quot;_animation&quot;:&quot;fadeInLeft&quot;}\" data-widget_type=\"divider.default\">\n\t\t\t\t<div class=\"elementor-widget-container\">\n\t\t\t\t\t\t\t<div class=\"elementor-divider\">\n\t\t\t<span class=\"elementor-divider-separator\">\n\t\t\t\t\t\t<\/span>\n\t\t<\/div>\n\t\t\t\t\t\t<\/div>\n\t\t\t\t<\/div>\n\t\t\t\t\t<\/div>\n\t\t\t\t<\/div>\n\t\t\t\t<\/div>\n\t\t<div class=\"elementor-element elementor-element-10cb3b1 e-con-full e-flex e-con e-parent\" data-id=\"10cb3b1\" data-element_type=\"container\" data-e-type=\"container\">\n\t\t<div class=\"elementor-element elementor-element-9d744e6 e-con-full e-flex e-con e-child\" data-id=\"9d744e6\" data-element_type=\"container\" data-e-type=\"container\">\n\t\t\t\t<div class=\"elementor-element elementor-element-51f2a48 elementor-widget elementor-widget-image\" data-id=\"51f2a48\" data-element_type=\"widget\" data-e-type=\"widget\" data-widget_type=\"image.default\">\n\t\t\t\t<div class=\"elementor-widget-container\">\n\t\t\t\t\t\t\t\t\t\t\t\t\t\t\t\t<a href=\"https:\/\/www.baudo-iledere.fr\/en\/your-caterer\/wedding-and-brunch-the-day-after\/\">\n\t\t\t\t\t\t\t<img fetchpriority=\"high\" decoding=\"async\" width=\"620\" height=\"820\" src=\"https:\/\/www.baudo-iledere.fr\/wp-content\/uploads\/2026\/03\/baudo-plat-1.jpg\" class=\"elementor-animation-bob attachment-full size-full wp-image-4158\" alt=\"\" srcset=\"https:\/\/www.baudo-iledere.fr\/wp-content\/uploads\/2026\/03\/baudo-plat-1.jpg 620w, https:\/\/www.baudo-iledere.fr\/wp-content\/uploads\/2026\/03\/baudo-plat-1-227x300.jpg 227w\" sizes=\"(max-width: 620px) 100vw, 620px\" \/>\t\t\t\t\t\t\t\t<\/a>\n\t\t\t\t\t\t\t\t\t\t\t\t\t\t\t<\/div>\n\t\t\t\t<\/div>\n\t\t<div class=\"elementor-element elementor-element-3d44c0e e-con-full e-flex e-con e-child\" data-id=\"3d44c0e\" data-element_type=\"container\" data-e-type=\"container\" data-settings=\"{&quot;background_background&quot;:&quot;classic&quot;}\">\n\t\t\t\t<div class=\"elementor-element elementor-element-d367e62 elementor-widget elementor-widget-text-editor\" data-id=\"d367e62\" data-element_type=\"widget\" data-e-type=\"widget\" data-widget_type=\"text-editor.default\">\n\t\t\t\t<div class=\"elementor-widget-container\">\n\t\t\t\t\t\t\t\t\t<p>WEDDINGS &amp; BRUNCH<\/p>\t\t\t\t\t\t\t\t<\/div>\n\t\t\t\t<\/div>\n\t\t\t\t<div class=\"elementor-element elementor-element-0c73dee elementor-widget elementor-widget-text-editor\" data-id=\"0c73dee\" data-element_type=\"widget\" data-e-type=\"widget\" data-widget_type=\"text-editor.default\">\n\t\t\t\t<div class=\"elementor-widget-container\">\n\t\t\t\t\t\t\t\t\t<p><a href=\"https:\/\/www.baudo-iledere.fr\/en\/your-caterer\/wedding-and-brunch-the-day-after\/\">Discover<\/a><\/p>\t\t\t\t\t\t\t\t<\/div>\n\t\t\t\t<\/div>\n\t\t\t\t<\/div>\n\t\t\t\t<\/div>\n\t\t<div class=\"elementor-element elementor-element-a42796d e-con-full e-flex e-con e-child\" data-id=\"a42796d\" data-element_type=\"container\" data-e-type=\"container\">\n\t\t\t\t<div class=\"elementor-element elementor-element-f2322d3 elementor-widget elementor-widget-image\" data-id=\"f2322d3\" data-element_type=\"widget\" data-e-type=\"widget\" data-widget_type=\"image.default\">\n\t\t\t\t<div class=\"elementor-widget-container\">\n\t\t\t\t\t\t\t\t\t\t\t\t\t\t\t\t<a href=\"https:\/\/www.baudo-iledere.fr\/en\/your-caterer\/events\/\">\n\t\t\t\t\t\t\t<img decoding=\"async\" width=\"620\" height=\"820\" src=\"https:\/\/www.baudo-iledere.fr\/wp-content\/uploads\/2026\/03\/baudo-evenements-1.jpg\" class=\"elementor-animation-bob attachment-full size-full wp-image-4156\" alt=\"\" srcset=\"https:\/\/www.baudo-iledere.fr\/wp-content\/uploads\/2026\/03\/baudo-evenements-1.jpg 620w, https:\/\/www.baudo-iledere.fr\/wp-content\/uploads\/2026\/03\/baudo-evenements-1-227x300.jpg 227w\" sizes=\"(max-width: 620px) 100vw, 620px\" \/>\t\t\t\t\t\t\t\t<\/a>\n\t\t\t\t\t\t\t\t\t\t\t\t\t\t\t<\/div>\n\t\t\t\t<\/div>\n\t\t<div class=\"elementor-element elementor-element-7968f19 e-con-full e-flex e-con e-child\" data-id=\"7968f19\" data-element_type=\"container\" data-e-type=\"container\" data-settings=\"{&quot;background_background&quot;:&quot;classic&quot;}\">\n\t\t\t\t<div class=\"elementor-element elementor-element-2debc8a elementor-widget elementor-widget-text-editor\" data-id=\"2debc8a\" data-element_type=\"widget\" data-e-type=\"widget\" data-widget_type=\"text-editor.default\">\n\t\t\t\t<div class=\"elementor-widget-container\">\n\t\t\t\t\t\t\t\t\t<p>Events<\/p>\t\t\t\t\t\t\t\t<\/div>\n\t\t\t\t<\/div>\n\t\t\t\t<div class=\"elementor-element elementor-element-7b8149b elementor-widget elementor-widget-text-editor\" data-id=\"7b8149b\" data-element_type=\"widget\" data-e-type=\"widget\" data-widget_type=\"text-editor.default\">\n\t\t\t\t<div class=\"elementor-widget-container\">\n\t\t\t\t\t\t\t\t\t<p><a href=\"https:\/\/www.baudo-iledere.fr\/en\/your-caterer\/events\/\">Discover<\/a><\/p>\t\t\t\t\t\t\t\t<\/div>\n\t\t\t\t<\/div>\n\t\t\t\t<\/div>\n\t\t\t\t<\/div>\n\t\t\t\t<\/div>\n\t\t\t\t<\/div>\n\t\t","protected":false},"excerpt":{"rendered":"<p>Your Caterer WEDDINGS &amp; BRUNCH Discover Events Discover<\/p>\n","protected":false},"author":1,"featured_media":0,"parent":0,"menu_order":0,"comment_status":"closed","ping_status":"closed","template":"","meta":{"footnotes":""},"class_list":["post-2745","page","type-page","status-publish","hentry"],"yoast_head":"<title>Your Caterer - Baudo Ile de R\u00e9 - Traiteur et chefs priv\u00e9s<\/title>\n<meta name=\"robots\" content=\"index, follow, max-snippet:-1, max-image-preview:large, max-video-preview:-1\" \/>\n<link rel=\"canonical\" href=\"https:\/\/www.baudo-iledere.fr\/en\/your-caterer\/\" \/>\n<meta property=\"og:locale\" content=\"en_US\" \/>\n<meta property=\"og:type\" content=\"article\" \/>\n<meta property=\"og:title\" content=\"Your Caterer - Baudo Ile de R\u00e9 - Traiteur et chefs priv\u00e9s\" \/>\n<meta property=\"og:description\" content=\"Your Caterer WEDDINGS &amp; BRUNCH Discover Events Discover\" \/>\n<meta property=\"og:url\" content=\"https:\/\/www.baudo-iledere.fr\/en\/your-caterer\/\" \/>\n<meta property=\"og:site_name\" content=\"Baudo Ile de R\u00e9 - Traiteur et chefs priv\u00e9s\" \/>\n<meta property=\"article:publisher\" content=\"https:\/\/www.facebook.com\/baudoiledere\" \/>\n<meta property=\"article:modified_time\" content=\"2026-03-19T16:51:55+00:00\" \/>\n<meta property=\"og:image\" content=\"https:\/\/www.baudo-iledere.fr\/wp-content\/uploads\/2026\/03\/baudo-plat-1.jpg\" \/>\n<meta name=\"twitter:card\" content=\"summary_large_image\" \/>\n<script type=\"application\/ld+json\" class=\"yoast-schema-graph\">{\"@context\":\"https:\/\/schema.org\",\"@graph\":[{\"@type\":\"WebPage\",\"@id\":\"https:\/\/www.baudo-iledere.fr\/en\/your-caterer\/\",\"url\":\"https:\/\/www.baudo-iledere.fr\/en\/your-caterer\/\",\"name\":\"Your Caterer - Baudo Ile de R\u00e9 - Traiteur et chefs priv\u00e9s\",\"isPartOf\":{\"@id\":\"https:\/\/www.baudo-iledere.fr\/#website\"},\"primaryImageOfPage\":{\"@id\":\"https:\/\/www.baudo-iledere.fr\/en\/your-caterer\/#primaryimage\"},\"image\":{\"@id\":\"https:\/\/www.baudo-iledere.fr\/en\/your-caterer\/#primaryimage\"},\"thumbnailUrl\":\"https:\/\/www.baudo-iledere.fr\/wp-content\/uploads\/2026\/03\/baudo-plat-1.jpg\",\"datePublished\":\"2022-11-29T14:24:36+00:00\",\"dateModified\":\"2026-03-19T16:51:55+00:00\",\"breadcrumb\":{\"@id\":\"https:\/\/www.baudo-iledere.fr\/en\/your-caterer\/#breadcrumb\"},\"inLanguage\":\"en-US\",\"potentialAction\":[{\"@type\":\"ReadAction\",\"target\":[\"https:\/\/www.baudo-iledere.fr\/en\/your-caterer\/\"]}]},{\"@type\":\"ImageObject\",\"inLanguage\":\"en-US\",\"@id\":\"https:\/\/www.baudo-iledere.fr\/en\/your-caterer\/#primaryimage\",\"url\":\"https:\/\/www.baudo-iledere.fr\/wp-content\/uploads\/2026\/03\/baudo-plat-1.jpg\",\"contentUrl\":\"https:\/\/www.baudo-iledere.fr\/wp-content\/uploads\/2026\/03\/baudo-plat-1.jpg\"},{\"@type\":\"BreadcrumbList\",\"@id\":\"https:\/\/www.baudo-iledere.fr\/en\/your-caterer\/#breadcrumb\",\"itemListElement\":[{\"@type\":\"ListItem\",\"position\":1,\"name\":\"Accueil\",\"item\":\"https:\/\/www.baudo-iledere.fr\/en\/\"},{\"@type\":\"ListItem\",\"position\":2,\"name\":\"Your Caterer\"}]},{\"@type\":\"WebSite\",\"@id\":\"https:\/\/www.baudo-iledere.fr\/#website\",\"url\":\"https:\/\/www.baudo-iledere.fr\/\",\"name\":\"Baudo Ile de R\u00e9 - Traiteur et Caviste\",\"description\":\"Votre traiteur sur l&#039;\u00cele de R\u00e9\",\"publisher\":{\"@id\":\"https:\/\/www.baudo-iledere.fr\/#organization\"},\"potentialAction\":[{\"@type\":\"SearchAction\",\"target\":{\"@type\":\"EntryPoint\",\"urlTemplate\":\"https:\/\/www.baudo-iledere.fr\/?s={search_term_string}\"},\"query-input\":{\"@type\":\"PropertyValueSpecification\",\"valueRequired\":true,\"valueName\":\"search_term_string\"}}],\"inLanguage\":\"en-US\"},{\"@type\":\"Organization\",\"@id\":\"https:\/\/www.baudo-iledere.fr\/#organization\",\"name\":\"Baudo Ile de R\u00e9 - Traiteur et Caviste\",\"url\":\"https:\/\/www.baudo-iledere.fr\/\",\"logo\":{\"@type\":\"ImageObject\",\"inLanguage\":\"en-US\",\"@id\":\"https:\/\/www.baudo-iledere.fr\/#\/schema\/logo\/image\/\",\"url\":\"https:\/\/www.baudo-iledere.fr\/wp-content\/uploads\/2022\/12\/logo-footer.png\",\"contentUrl\":\"https:\/\/www.baudo-iledere.fr\/wp-content\/uploads\/2022\/12\/logo-footer.png\",\"width\":284,\"height\":60,\"caption\":\"Baudo Ile de R\u00e9 - Traiteur et Caviste\"},\"image\":{\"@id\":\"https:\/\/www.baudo-iledere.fr\/#\/schema\/logo\/image\/\"},\"sameAs\":[\"https:\/\/www.facebook.com\/baudoiledere\",\"https:\/\/www.instagram.com\/baudo_iledere\/\"]}]}<\/script>","yoast_head_json":{"title":"Your Caterer - Baudo Ile de R\u00e9 - Traiteur et chefs priv\u00e9s","robots":{"index":"index","follow":"follow","max-snippet":"max-snippet:-1","max-image-preview":"max-image-preview:large","max-video-preview":"max-video-preview:-1"},"canonical":"https:\/\/www.baudo-iledere.fr\/en\/your-caterer\/","og_locale":"en_US","og_type":"article","og_title":"Your Caterer - Baudo Ile de R\u00e9 - Traiteur et chefs priv\u00e9s","og_description":"Your Caterer WEDDINGS &amp; BRUNCH Discover Events Discover","og_url":"https:\/\/www.baudo-iledere.fr\/en\/your-caterer\/","og_site_name":"Baudo Ile de R\u00e9 - Traiteur et chefs priv\u00e9s","article_publisher":"https:\/\/www.facebook.com\/baudoiledere","article_modified_time":"2026-03-19T16:51:55+00:00","og_image":[{"url":"https:\/\/www.baudo-iledere.fr\/wp-content\/uploads\/2026\/03\/baudo-plat-1.jpg","type":"","width":"","height":""}],"twitter_card":"summary_large_image","schema":{"@context":"https:\/\/schema.org","@graph":[{"@type":"WebPage","@id":"https:\/\/www.baudo-iledere.fr\/en\/your-caterer\/","url":"https:\/\/www.baudo-iledere.fr\/en\/your-caterer\/","name":"Your Caterer - Baudo Ile de R\u00e9 - Traiteur et chefs priv\u00e9s","isPartOf":{"@id":"https:\/\/www.baudo-iledere.fr\/#website"},"primaryImageOfPage":{"@id":"https:\/\/www.baudo-iledere.fr\/en\/your-caterer\/#primaryimage"},"image":{"@id":"https:\/\/www.baudo-iledere.fr\/en\/your-caterer\/#primaryimage"},"thumbnailUrl":"https:\/\/www.baudo-iledere.fr\/wp-content\/uploads\/2026\/03\/baudo-plat-1.jpg","datePublished":"2022-11-29T14:24:36+00:00","dateModified":"2026-03-19T16:51:55+00:00","breadcrumb":{"@id":"https:\/\/www.baudo-iledere.fr\/en\/your-caterer\/#breadcrumb"},"inLanguage":"en-US","potentialAction":[{"@type":"ReadAction","target":["https:\/\/www.baudo-iledere.fr\/en\/your-caterer\/"]}]},{"@type":"ImageObject","inLanguage":"en-US","@id":"https:\/\/www.baudo-iledere.fr\/en\/your-caterer\/#primaryimage","url":"https:\/\/www.baudo-iledere.fr\/wp-content\/uploads\/2026\/03\/baudo-plat-1.jpg","contentUrl":"https:\/\/www.baudo-iledere.fr\/wp-content\/uploads\/2026\/03\/baudo-plat-1.jpg"},{"@type":"BreadcrumbList","@id":"https:\/\/www.baudo-iledere.fr\/en\/your-caterer\/#breadcrumb","itemListElement":[{"@type":"ListItem","position":1,"name":"Accueil","item":"https:\/\/www.baudo-iledere.fr\/en\/"},{"@type":"ListItem","position":2,"name":"Your Caterer"}]},{"@type":"WebSite","@id":"https:\/\/www.baudo-iledere.fr\/#website","url":"https:\/\/www.baudo-iledere.fr\/","name":"Baudo Ile de R\u00e9 - Traiteur et Caviste","description":"Votre traiteur sur l&#039;\u00cele de R\u00e9","publisher":{"@id":"https:\/\/www.baudo-iledere.fr\/#organization"},"potentialAction":[{"@type":"SearchAction","target":{"@type":"EntryPoint","urlTemplate":"https:\/\/www.baudo-iledere.fr\/?s={search_term_string}"},"query-input":{"@type":"PropertyValueSpecification","valueRequired":true,"valueName":"search_term_string"}}],"inLanguage":"en-US"},{"@type":"Organization","@id":"https:\/\/www.baudo-iledere.fr\/#organization","name":"Baudo Ile de R\u00e9 - Traiteur et Caviste","url":"https:\/\/www.baudo-iledere.fr\/","logo":{"@type":"ImageObject","inLanguage":"en-US","@id":"https:\/\/www.baudo-iledere.fr\/#\/schema\/logo\/image\/","url":"https:\/\/www.baudo-iledere.fr\/wp-content\/uploads\/2022\/12\/logo-footer.png","contentUrl":"https:\/\/www.baudo-iledere.fr\/wp-content\/uploads\/2022\/12\/logo-footer.png","width":284,"height":60,"caption":"Baudo Ile de R\u00e9 - Traiteur et Caviste"},"image":{"@id":"https:\/\/www.baudo-iledere.fr\/#\/schema\/logo\/image\/"},"sameAs":["https:\/\/www.facebook.com\/baudoiledere","https:\/\/www.instagram.com\/baudo_iledere\/"]}]}},"_links":{"self":[{"href":"https:\/\/www.baudo-iledere.fr\/en\/wp-json\/wp\/v2\/pages\/2745","targetHints":{"allow":["GET"]}}],"collection":[{"href":"https:\/\/www.baudo-iledere.fr\/en\/wp-json\/wp\/v2\/pages"}],"about":[{"href":"https:\/\/www.baudo-iledere.fr\/en\/wp-json\/wp\/v2\/types\/page"}],"author":[{"embeddable":true,"href":"https:\/\/www.baudo-iledere.fr\/en\/wp-json\/wp\/v2\/users\/1"}],"replies":[{"embeddable":true,"href":"https:\/\/www.baudo-iledere.fr\/en\/wp-json\/wp\/v2\/comments?post=2745"}],"version-history":[{"count":3,"href":"https:\/\/www.baudo-iledere.fr\/en\/wp-json\/wp\/v2\/pages\/2745\/revisions"}],"predecessor-version":[{"id":4291,"href":"https:\/\/www.baudo-iledere.fr\/en\/wp-json\/wp\/v2\/pages\/2745\/revisions\/4291"}],"wp:attachment":[{"href":"https:\/\/www.baudo-iledere.fr\/en\/wp-json\/wp\/v2\/media?parent=2745"}],"curies":[{"name":"wp","href":"https:\/\/api.w.org\/{rel}","templated":true}]}}