{"id":3255,"date":"2023-02-06T12:13:01","date_gmt":"2023-02-06T11:13:01","guid":{"rendered":"https:\/\/baudo-iledere.naskigo-web82-prod.ngsrv.eu\/legal-notice\/"},"modified":"2026-03-19T16:56:01","modified_gmt":"2026-03-19T15:56:01","slug":"legal-notice","status":"publish","type":"page","link":"https:\/\/www.baudo-iledere.fr\/en\/legal-notice\/","title":{"rendered":"Legal Notice"},"content":{"rendered":"\t\t<div data-elementor-type=\"wp-page\" data-elementor-id=\"3255\" class=\"elementor elementor-3255 elementor-3234\" data-elementor-post-type=\"page\">\n\t\t\t\t<div class=\"elementor-element elementor-element-ee2c0de e-flex e-con-boxed e-con e-parent\" data-id=\"ee2c0de\" data-element_type=\"container\" data-e-type=\"container\" data-settings=\"{&quot;background_background&quot;:&quot;classic&quot;}\">\n\t\t\t\t\t<div class=\"e-con-inner\">\n\t\t\t\t<div class=\"elementor-element elementor-element-101247c elementor-align-left elementor-widget__width-inherit elementor-widget elementor-widget-breadcrumbs\" data-id=\"101247c\" data-element_type=\"widget\" data-e-type=\"widget\" data-widget_type=\"breadcrumbs.default\">\n\t\t\t\t<div class=\"elementor-widget-container\">\n\t\t\t\t\t<span id=\"breadcrumbs\"><ul><li><a href=\"https:\/\/www.baudo-iledere.fr\/en\/\">Accueil<\/a><\/li><\/ul><\/span>\t\t\t\t<\/div>\n\t\t\t\t<\/div>\n\t\t\t\t\t<\/div>\n\t\t\t\t<\/div>\n\t\t<div class=\"elementor-element elementor-element-1e9dd90 e-con-full e-flex e-con e-parent\" data-id=\"1e9dd90\" data-element_type=\"container\" data-e-type=\"container\">\n\t\t<div class=\"elementor-element elementor-element-ed216d0 e-flex e-con-boxed e-con e-child\" data-id=\"ed216d0\" data-element_type=\"container\" data-e-type=\"container\">\n\t\t\t\t\t<div class=\"e-con-inner\">\n\t\t<div class=\"elementor-element elementor-element-69e7894 e-con-full e-flex e-con e-child\" data-id=\"69e7894\" data-element_type=\"container\" data-e-type=\"container\">\n\t\t\t\t<\/div>\n\t\t\t\t<div class=\"elementor-element elementor-element-35d09fc elementor-widget__width-initial elementor-widget-mobile__width-initial animated-slow elementor-hidden-desktop elementor-hidden-tablet elementor-hidden-mobile elementor-widget-divider--view-line elementor-invisible elementor-widget elementor-widget-divider\" data-id=\"35d09fc\" data-element_type=\"widget\" data-e-type=\"widget\" data-settings=\"{&quot;_animation&quot;:&quot;fadeInLeft&quot;}\" data-widget_type=\"divider.default\">\n\t\t\t\t<div class=\"elementor-widget-container\">\n\t\t\t\t\t\t\t<div class=\"elementor-divider\">\n\t\t\t<span class=\"elementor-divider-separator\">\n\t\t\t\t\t\t<\/span>\n\t\t<\/div>\n\t\t\t\t\t\t<\/div>\n\t\t\t\t<\/div>\n\t\t\t\t\t<\/div>\n\t\t\t\t<\/div>\n\t\t\t\t<\/div>\n\t\t<div class=\"elementor-element elementor-element-57e8859 e-con-full e-flex e-con e-child\" data-id=\"57e8859\" data-element_type=\"container\" data-e-type=\"container\">\n\t\t<div class=\"elementor-element elementor-element-6c03340 e-flex e-con-boxed e-con e-child\" data-id=\"6c03340\" data-element_type=\"container\" data-e-type=\"container\">\n\t\t\t\t\t<div class=\"e-con-inner\">\n\t\t<div class=\"elementor-element elementor-element-903c3c0 e-con-full e-flex e-con e-child\" data-id=\"903c3c0\" data-element_type=\"container\" data-e-type=\"container\">\n\t\t\t\t<div class=\"elementor-element elementor-element-77a2629 elementor-widget__width-initial elementor-widget elementor-widget-heading\" data-id=\"77a2629\" data-element_type=\"widget\" data-e-type=\"widget\" data-widget_type=\"heading.default\">\n\t\t\t\t<div class=\"elementor-widget-container\">\n\t\t\t\t\t<h2 class=\"elementor-heading-title elementor-size-default\">1. Presentation of the site<\/h2>\t\t\t\t<\/div>\n\t\t\t\t<\/div>\n\t\t\t\t<div class=\"elementor-element elementor-element-212f49d elementor-widget elementor-widget-text-editor\" data-id=\"212f49d\" data-element_type=\"widget\" data-e-type=\"widget\" data-widget_type=\"text-editor.default\">\n\t\t\t\t<div class=\"elementor-widget-container\">\n\t\t\t\t\t\t\t\t\t<p>Pursuant to Articles 6-III and 19 of Law No. 2004-575 of June 21, 2004 for Confidence in the Digital Economy, users of the website https:\/\/baudo.naskigo-kin.ngsrv.eu, hereinafter referred to as &#8220;the site&#8221;, are provided with the following information:<\/p>\n<p>Legal information :<\/p>\n<p>Legal status: SARL<br>Company name: MI-JUIN<br>Head office address: 2B Chemin du Corps de Garde 17111 LOIX<br>SIRET: 99239693700011<br>E-mail address: contact@baudoiledere.fr<br>The person responsible for the publication is: Mrs Corinne CHAPUT<br>Contact the person responsible for the publication: contact@baudoiledere.fr<\/p>\n<p>Design: Agence web Naskigo &#8211; 24 avenue L\u00e9o Lagrange &#8211; 79000 NIORT<br>Site host: DATACAMPUS &#8211; 35 rue du grand puits 79230 VOUILL\u00c9 &#8211; Tel. +33 516 640 075<\/p>\n<p>Photo credits :<\/p>\n<p>MADDY Christina &#8211; maddychristina.com<\/p>\t\t\t\t\t\t\t\t<\/div>\n\t\t\t\t<\/div>\n\t\t\t\t<div class=\"elementor-element elementor-element-b8e1c4f elementor-widget__width-initial elementor-widget elementor-widget-heading\" data-id=\"b8e1c4f\" data-element_type=\"widget\" data-e-type=\"widget\" data-widget_type=\"heading.default\">\n\t\t\t\t<div class=\"elementor-widget-container\">\n\t\t\t\t\t<h2 class=\"elementor-heading-title elementor-size-default\">2. General conditions of use of the site and the services offered<\/h2>\t\t\t\t<\/div>\n\t\t\t\t<\/div>\n\t\t\t\t<div class=\"elementor-element elementor-element-3ea221f elementor-widget elementor-widget-text-editor\" data-id=\"3ea221f\" data-element_type=\"widget\" data-e-type=\"widget\" data-widget_type=\"text-editor.default\">\n\t\t\t\t<div class=\"elementor-widget-container\">\n\t\t\t\t\t\t\t\t\t<p>Use of the site implies full acceptance of the general conditions of use described below. These conditions of use may be modified or supplemented at any time, without notice, so users of the site are invited to consult them on a regular basis. The site is in principle accessible to users 24 hours a day, 7 days a week, except for interruption, scheduled or not, for the purposes of its maintenance or in the event of force majeure. In the event of impossibility of access to the service, the webmaster of the site undertakes to do its utmost to restore access to the service and will then endeavor to communicate to users beforehand the dates and times of the intervention. Being subject only to an obligation of means, the owner of the site cannot be held responsible for any damage, whatever its nature, resulting from the unavailability of the service. Le site est mis \u00e0 jour r\u00e9guli\u00e8rement par le propri\u00e9taire du site. The site is updated regularly by the site owner. In the same way, the legal notices can be modified at any time, without notice and are binding on the user without reservation. The user is deemed to accept them without reservation and to refer to them regularly to find out about the modifications. The site also reserves the right to assign, transfer, without notice, the rights and\/or obligations of these T&amp;Cs and legal notices. By continuing to use the Services of the site, the user acknowledges accepting the modifications of the general conditions which would have occurred.<\/p>\t\t\t\t\t\t\t\t<\/div>\n\t\t\t\t<\/div>\n\t\t\t\t<div class=\"elementor-element elementor-element-8f9dbf3 elementor-widget__width-initial elementor-widget elementor-widget-heading\" data-id=\"8f9dbf3\" data-element_type=\"widget\" data-e-type=\"widget\" data-widget_type=\"heading.default\">\n\t\t\t\t<div class=\"elementor-widget-container\">\n\t\t\t\t\t<h2 class=\"elementor-heading-title elementor-size-default\">3. Description of the services provided<\/h2>\t\t\t\t<\/div>\n\t\t\t\t<\/div>\n\t\t\t\t<div class=\"elementor-element elementor-element-ece9640 elementor-widget elementor-widget-text-editor\" data-id=\"ece9640\" data-element_type=\"widget\" data-e-type=\"widget\" data-widget_type=\"text-editor.default\">\n\t\t\t\t<div class=\"elementor-widget-container\">\n\t\t\t\t\t\t\t\t\t<p>The purpose of the site is to provide information concerning all of the company&#8217;s activities.<\/p><p>The purpose of the site is to provide information concerning all of the company&#8217;s activities. However, it cannot be held responsible for omissions, inaccuracies and deficiencies in the update, whether by itself or by the third party partners who provide it with this information. All the information offered on the site is given for information only, is not exhaustive, and is subject to change. They are given subject to modifications having been made since they were put online.<\/p>\t\t\t\t\t\t\t\t<\/div>\n\t\t\t\t<\/div>\n\t\t\t\t<div class=\"elementor-element elementor-element-39a7614 elementor-widget__width-initial elementor-widget elementor-widget-heading\" data-id=\"39a7614\" data-element_type=\"widget\" data-e-type=\"widget\" data-widget_type=\"heading.default\">\n\t\t\t\t<div class=\"elementor-widget-container\">\n\t\t\t\t\t<h2 class=\"elementor-heading-title elementor-size-default\">4. Intellectual Property and Counterfeits<\/h2>\t\t\t\t<\/div>\n\t\t\t\t<\/div>\n\t\t\t\t<div class=\"elementor-element elementor-element-a29dda0 elementor-widget elementor-widget-text-editor\" data-id=\"a29dda0\" data-element_type=\"widget\" data-e-type=\"widget\" data-widget_type=\"text-editor.default\">\n\t\t\t\t<div class=\"elementor-widget-container\">\n\t\t\t\t\t\t\t\t\t<p>The owner of the site is the owner of the intellectual property rights or holds the rights of use on all the elements accessible on the site, in particular the texts, images, graphics, logo, icons, sounds, software&#8230; Any reproduction, representation, modification, publication, total or partial adaptation of the elements of the site, whatever the means or process used, is prohibited, except with prior written authorization to the email contact@baudoiledere.fr. Any unauthorized use of the site or any of these elements it contains will be considered as constituting an infringement and prosecuted in accordance with the provisions of articles L.335-2 and following of the Intellectual Property Code.<\/p>\t\t\t\t\t\t\t\t<\/div>\n\t\t\t\t<\/div>\n\t\t\t\t<div class=\"elementor-element elementor-element-df92509 elementor-widget__width-initial elementor-widget elementor-widget-heading\" data-id=\"df92509\" data-element_type=\"widget\" data-e-type=\"widget\" data-widget_type=\"heading.default\">\n\t\t\t\t<div class=\"elementor-widget-container\">\n\t\t\t\t\t<h2 class=\"elementor-heading-title elementor-size-default\">5. Limits of Liability<\/h2>\t\t\t\t<\/div>\n\t\t\t\t<\/div>\n\t\t\t\t<div class=\"elementor-element elementor-element-57ca6c6 elementor-widget elementor-widget-text-editor\" data-id=\"57ca6c6\" data-element_type=\"widget\" data-e-type=\"widget\" data-widget_type=\"text-editor.default\">\n\t\t\t\t<div class=\"elementor-widget-container\">\n\t\t\t\t\t\t\t\t\t<p>The owner of the site can not be held responsible for typographical errors or inaccuracies appearing on the service, or for any damage suffered as a result of its use. The user remains responsible for his equipment and its use, and he alone bears the direct or indirect costs following his connection to the Internet. The user of the site undertakes to access it using recent equipment, not containing viruses and with an updated latest generation browser. The user releases the responsibility of the owner of the site for any damage that he could suffer or cause to be suffered, directly or indirectly, because of the services offered. Only the responsibility of the user is engaged by the use of the proposed service and this expressly releases the owner of the site from any responsibility vis-\u00e0-vis third parties.<\/p><p>The owner of the site reserves the right to question the civil and\/or criminal liability of the user, in particular in the event of a racist, abusive, defamatory or pornographic message, whatever the medium used (text, photography \u2026). It is recalled here that the developers of the site keep track of the email address and the IP address of the user. Consequently, he must be aware that in the event of an order from the judicial authority, he can be found and prosecuted.<\/p>\t\t\t\t\t\t\t\t<\/div>\n\t\t\t\t<\/div>\n\t\t\t\t<div class=\"elementor-element elementor-element-754d4bb elementor-widget__width-initial elementor-widget elementor-widget-heading\" data-id=\"754d4bb\" data-element_type=\"widget\" data-e-type=\"widget\" data-widget_type=\"heading.default\">\n\t\t\t\t<div class=\"elementor-widget-container\">\n\t\t\t\t\t<h2 class=\"elementor-heading-title elementor-size-default\">6. Hypertext links and cookies<\/h2>\t\t\t\t<\/div>\n\t\t\t\t<\/div>\n\t\t\t\t<div class=\"elementor-element elementor-element-3c42288 elementor-widget elementor-widget-text-editor\" data-id=\"3c42288\" data-element_type=\"widget\" data-e-type=\"widget\" data-widget_type=\"text-editor.default\">\n\t\t\t\t<div class=\"elementor-widget-container\">\n\t\t\t\t\t\t\t\t\t<p>The site contains a certain number of hypertext links to other sites (partners, information, etc.) set up with the authorization of the site owner. However, the owner of the site does not have the possibility of verifying the content of the sites thus visited and therefore declines all responsibility for this fact when the possible risks of illegal content. The user is informed that during his visits to the site one or more cookies are likely to be automatically installed on his computer. A cookie is a small file, which does not allow the identification of the user, but which records information relating to the navigation of a computer on a site. The data thus obtained are intended to facilitate subsequent navigation on the site, and are also intended to allow various measures of attendance.<\/p><p>The configuration of the navigation software makes it possible to inform of the presence of cookies and possibly to refuse in the manner described at the following address: https:\/\/www.cnil.fr<\/p><p>Refusal to install a cookie may make it impossible to access certain services. However, the user can configure his computer as follows to refuse the installation of cookies:<\/p><p>In Internet Explorer: tool tab \/ internet options. Click on Privacy and choose Block all cookies. Confirm with Ok.<br>Firefox: Tools \/ Options \/ Privacy tab. In the History section, choose &#8220;use custom settings for history&#8221; then uncheck &#8220;accept cookies&#8221;. Confirm with OK<br>Under Chrome: Google Chrome menu \/ Settings \/ Show advanced settings at the bottom of the page \/ Click on &#8220;Content settings&#8221; \/ Tick: Block all third-party cookies without exception. Validate on Ok<\/p><p>[matomo_opt_out]<\/p>\t\t\t\t\t\t\t\t<\/div>\n\t\t\t\t<\/div>\n\t\t\t\t<div class=\"elementor-element elementor-element-307576a elementor-widget__width-initial elementor-widget elementor-widget-heading\" data-id=\"307576a\" data-element_type=\"widget\" data-e-type=\"widget\" data-widget_type=\"heading.default\">\n\t\t\t\t<div class=\"elementor-widget-container\">\n\t\t\t\t\t<h2 class=\"elementor-heading-title elementor-size-default\">7. Applicable law and attribution of jurisdiction<\/h2>\t\t\t\t<\/div>\n\t\t\t\t<\/div>\n\t\t\t\t<div class=\"elementor-element elementor-element-185f6bb elementor-widget elementor-widget-text-editor\" data-id=\"185f6bb\" data-element_type=\"widget\" data-e-type=\"widget\" data-widget_type=\"text-editor.default\">\n\t\t\t\t<div class=\"elementor-widget-container\">\n\t\t\t\t\t\t\t\t\t<p>Any dispute in connection with the use of the site is subject to French law. The user and the owner of the site agree to submit to the exclusive jurisdiction of the French courts in the event of a dispute.<\/p>\t\t\t\t\t\t\t\t<\/div>\n\t\t\t\t<\/div>\n\t\t\t\t<div class=\"elementor-element elementor-element-dc7260b elementor-widget__width-initial elementor-widget elementor-widget-heading\" data-id=\"dc7260b\" data-element_type=\"widget\" data-e-type=\"widget\" data-widget_type=\"heading.default\">\n\t\t\t\t<div class=\"elementor-widget-container\">\n\t\t\t\t\t<h2 class=\"elementor-heading-title elementor-size-default\">8. Protection of property and people \u2013 management of personal data<\/h2>\t\t\t\t<\/div>\n\t\t\t\t<\/div>\n\t\t\t\t<div class=\"elementor-element elementor-element-2f71d72 elementor-widget elementor-widget-text-editor\" data-id=\"2f71d72\" data-element_type=\"widget\" data-e-type=\"widget\" data-widget_type=\"text-editor.default\">\n\t\t\t\t<div class=\"elementor-widget-container\">\n\t\t\t\t\t\t\t\t\t<p>In France, personal data is notably protected by law n\u00b0 78-87 of January 6, 1978, law n\u00b0 2004-801 of August 6, 2004, article L. 226-13 of the Penal Code and the European Directive of October 24, 1995.<\/p><p>The owner of the site collects on this site personal information relating to the user only for the need for certain services offered by the site. The user provides this information with full knowledge of the facts, in particular when he enters it himself. It is then specified to the user of the site the obligation or not to provide this information. In accordance with the provisions of articles 38 and following of law 78-17 of January 6, 1978 relating to data processing, files and freedoms, any user has a right of access, rectification, deletion and opposition. personal data concerning him. To exercise this right, send your request to the owner of the site by email: contact@baudoiledere.fr or by making a written and signed request, accompanied by a copy of the identity document with signature of the holder of the document, specifying the address to which the response should be sent.<\/p><p>No personal information of the user of the site is published without the knowledge of the user, exchanged, transferred, assigned or sold on any medium whatsoever to third parties. Only the hypothesis of the redemption of the site from the owner of the site and his rights would allow the transmission of said information to the prospective purchaser who would in turn be bound by the same obligation to store and modify the data vis-\u00e0-vis the user of the site.<\/p><p>The databases are protected by the provisions of the law of July 1, 1998 transposing directive 96\/9 of March 11, 1996 relating to the legal protection of databases.<\/p>\t\t\t\t\t\t\t\t<\/div>\n\t\t\t\t<\/div>\n\t\t\t\t<\/div>\n\t\t\t\t\t<\/div>\n\t\t\t\t<\/div>\n\t\t\t\t<\/div>\n\t\t\t\t<\/div>\n\t\t","protected":false},"excerpt":{"rendered":"<p>1. Presentation of the site Pursuant to Articles 6-III and 19 of Law No. 2004-575 of June 21, 2004 for Confidence in the Digital Economy, users of the website https:\/\/baudo.naskigo-kin.ngsrv.eu, hereinafter referred to as &#8220;the site&#8221;, are provided with the following information: Legal information : Legal status: SARLCompany name: MI-JUINHead office address: 2B Chemin du [&hellip;]<\/p>\n","protected":false},"author":1,"featured_media":0,"parent":0,"menu_order":0,"comment_status":"closed","ping_status":"closed","template":"","meta":{"footnotes":""},"class_list":["post-3255","page","type-page","status-publish","hentry"],"yoast_head":"<title>Legal Notice - Baudo Ile de R\u00e9 - Traiteur et chefs priv\u00e9s<\/title>\n<meta name=\"robots\" content=\"index, follow, max-snippet:-1, max-image-preview:large, max-video-preview:-1\" \/>\n<link rel=\"canonical\" href=\"https:\/\/www.baudo-iledere.fr\/en\/legal-notice\/\" \/>\n<meta property=\"og:locale\" content=\"en_US\" \/>\n<meta property=\"og:type\" content=\"article\" \/>\n<meta property=\"og:title\" content=\"Legal Notice - Baudo Ile de R\u00e9 - Traiteur et chefs priv\u00e9s\" \/>\n<meta property=\"og:description\" content=\"1. Presentation of the site Pursuant to Articles 6-III and 19 of Law No. 2004-575 of June 21, 2004 for Confidence in the Digital Economy, users of the website https:\/\/baudo.naskigo-kin.ngsrv.eu, hereinafter referred to as &#8220;the site&#8221;, are provided with the following information: Legal information : Legal status: SARLCompany name: MI-JUINHead office address: 2B Chemin du [&hellip;]\" \/>\n<meta property=\"og:url\" content=\"https:\/\/www.baudo-iledere.fr\/en\/legal-notice\/\" \/>\n<meta property=\"og:site_name\" content=\"Baudo Ile de R\u00e9 - Traiteur et chefs priv\u00e9s\" \/>\n<meta property=\"article:publisher\" content=\"https:\/\/www.facebook.com\/baudoiledere\" \/>\n<meta property=\"article:modified_time\" content=\"2026-03-19T15:56:01+00:00\" \/>\n<meta name=\"twitter:card\" content=\"summary_large_image\" \/>\n<script type=\"application\/ld+json\" class=\"yoast-schema-graph\">{\"@context\":\"https:\/\/schema.org\",\"@graph\":[{\"@type\":\"WebPage\",\"@id\":\"https:\/\/www.baudo-iledere.fr\/en\/legal-notice\/\",\"url\":\"https:\/\/www.baudo-iledere.fr\/en\/legal-notice\/\",\"name\":\"Legal Notice - Baudo Ile de R\u00e9 - Traiteur et chefs priv\u00e9s\",\"isPartOf\":{\"@id\":\"https:\/\/www.baudo-iledere.fr\/#website\"},\"datePublished\":\"2023-02-06T11:13:01+00:00\",\"dateModified\":\"2026-03-19T15:56:01+00:00\",\"breadcrumb\":{\"@id\":\"https:\/\/www.baudo-iledere.fr\/en\/legal-notice\/#breadcrumb\"},\"inLanguage\":\"en-US\",\"potentialAction\":[{\"@type\":\"ReadAction\",\"target\":[\"https:\/\/www.baudo-iledere.fr\/en\/legal-notice\/\"]}]},{\"@type\":\"BreadcrumbList\",\"@id\":\"https:\/\/www.baudo-iledere.fr\/en\/legal-notice\/#breadcrumb\",\"itemListElement\":[{\"@type\":\"ListItem\",\"position\":1,\"name\":\"Accueil\",\"item\":\"https:\/\/www.baudo-iledere.fr\/en\/\"},{\"@type\":\"ListItem\",\"position\":2,\"name\":\"Legal Notice\"}]},{\"@type\":\"WebSite\",\"@id\":\"https:\/\/www.baudo-iledere.fr\/#website\",\"url\":\"https:\/\/www.baudo-iledere.fr\/\",\"name\":\"Baudo Ile de R\u00e9 - Traiteur et Caviste\",\"description\":\"Votre traiteur sur l&#039;\u00cele de R\u00e9\",\"publisher\":{\"@id\":\"https:\/\/www.baudo-iledere.fr\/#organization\"},\"potentialAction\":[{\"@type\":\"SearchAction\",\"target\":{\"@type\":\"EntryPoint\",\"urlTemplate\":\"https:\/\/www.baudo-iledere.fr\/?s={search_term_string}\"},\"query-input\":{\"@type\":\"PropertyValueSpecification\",\"valueRequired\":true,\"valueName\":\"search_term_string\"}}],\"inLanguage\":\"en-US\"},{\"@type\":\"Organization\",\"@id\":\"https:\/\/www.baudo-iledere.fr\/#organization\",\"name\":\"Baudo Ile de R\u00e9 - Traiteur et Caviste\",\"url\":\"https:\/\/www.baudo-iledere.fr\/\",\"logo\":{\"@type\":\"ImageObject\",\"inLanguage\":\"en-US\",\"@id\":\"https:\/\/www.baudo-iledere.fr\/#\/schema\/logo\/image\/\",\"url\":\"https:\/\/www.baudo-iledere.fr\/wp-content\/uploads\/2022\/12\/logo-footer.png\",\"contentUrl\":\"https:\/\/www.baudo-iledere.fr\/wp-content\/uploads\/2022\/12\/logo-footer.png\",\"width\":284,\"height\":60,\"caption\":\"Baudo Ile de R\u00e9 - Traiteur et Caviste\"},\"image\":{\"@id\":\"https:\/\/www.baudo-iledere.fr\/#\/schema\/logo\/image\/\"},\"sameAs\":[\"https:\/\/www.facebook.com\/baudoiledere\",\"https:\/\/www.instagram.com\/baudo_iledere\/\"]}]}<\/script>","yoast_head_json":{"title":"Legal Notice - Baudo Ile de R\u00e9 - Traiteur et chefs priv\u00e9s","robots":{"index":"index","follow":"follow","max-snippet":"max-snippet:-1","max-image-preview":"max-image-preview:large","max-video-preview":"max-video-preview:-1"},"canonical":"https:\/\/www.baudo-iledere.fr\/en\/legal-notice\/","og_locale":"en_US","og_type":"article","og_title":"Legal Notice - Baudo Ile de R\u00e9 - Traiteur et chefs priv\u00e9s","og_description":"1. Presentation of the site Pursuant to Articles 6-III and 19 of Law No. 2004-575 of June 21, 2004 for Confidence in the Digital Economy, users of the website https:\/\/baudo.naskigo-kin.ngsrv.eu, hereinafter referred to as &#8220;the site&#8221;, are provided with the following information: Legal information : Legal status: SARLCompany name: MI-JUINHead office address: 2B Chemin du [&hellip;]","og_url":"https:\/\/www.baudo-iledere.fr\/en\/legal-notice\/","og_site_name":"Baudo Ile de R\u00e9 - Traiteur et chefs priv\u00e9s","article_publisher":"https:\/\/www.facebook.com\/baudoiledere","article_modified_time":"2026-03-19T15:56:01+00:00","twitter_card":"summary_large_image","schema":{"@context":"https:\/\/schema.org","@graph":[{"@type":"WebPage","@id":"https:\/\/www.baudo-iledere.fr\/en\/legal-notice\/","url":"https:\/\/www.baudo-iledere.fr\/en\/legal-notice\/","name":"Legal Notice - Baudo Ile de R\u00e9 - Traiteur et chefs priv\u00e9s","isPartOf":{"@id":"https:\/\/www.baudo-iledere.fr\/#website"},"datePublished":"2023-02-06T11:13:01+00:00","dateModified":"2026-03-19T15:56:01+00:00","breadcrumb":{"@id":"https:\/\/www.baudo-iledere.fr\/en\/legal-notice\/#breadcrumb"},"inLanguage":"en-US","potentialAction":[{"@type":"ReadAction","target":["https:\/\/www.baudo-iledere.fr\/en\/legal-notice\/"]}]},{"@type":"BreadcrumbList","@id":"https:\/\/www.baudo-iledere.fr\/en\/legal-notice\/#breadcrumb","itemListElement":[{"@type":"ListItem","position":1,"name":"Accueil","item":"https:\/\/www.baudo-iledere.fr\/en\/"},{"@type":"ListItem","position":2,"name":"Legal Notice"}]},{"@type":"WebSite","@id":"https:\/\/www.baudo-iledere.fr\/#website","url":"https:\/\/www.baudo-iledere.fr\/","name":"Baudo Ile de R\u00e9 - Traiteur et Caviste","description":"Votre traiteur sur l&#039;\u00cele de R\u00e9","publisher":{"@id":"https:\/\/www.baudo-iledere.fr\/#organization"},"potentialAction":[{"@type":"SearchAction","target":{"@type":"EntryPoint","urlTemplate":"https:\/\/www.baudo-iledere.fr\/?s={search_term_string}"},"query-input":{"@type":"PropertyValueSpecification","valueRequired":true,"valueName":"search_term_string"}}],"inLanguage":"en-US"},{"@type":"Organization","@id":"https:\/\/www.baudo-iledere.fr\/#organization","name":"Baudo Ile de R\u00e9 - Traiteur et Caviste","url":"https:\/\/www.baudo-iledere.fr\/","logo":{"@type":"ImageObject","inLanguage":"en-US","@id":"https:\/\/www.baudo-iledere.fr\/#\/schema\/logo\/image\/","url":"https:\/\/www.baudo-iledere.fr\/wp-content\/uploads\/2022\/12\/logo-footer.png","contentUrl":"https:\/\/www.baudo-iledere.fr\/wp-content\/uploads\/2022\/12\/logo-footer.png","width":284,"height":60,"caption":"Baudo Ile de R\u00e9 - Traiteur et Caviste"},"image":{"@id":"https:\/\/www.baudo-iledere.fr\/#\/schema\/logo\/image\/"},"sameAs":["https:\/\/www.facebook.com\/baudoiledere","https:\/\/www.instagram.com\/baudo_iledere\/"]}]}},"_links":{"self":[{"href":"https:\/\/www.baudo-iledere.fr\/en\/wp-json\/wp\/v2\/pages\/3255","targetHints":{"allow":["GET"]}}],"collection":[{"href":"https:\/\/www.baudo-iledere.fr\/en\/wp-json\/wp\/v2\/pages"}],"about":[{"href":"https:\/\/www.baudo-iledere.fr\/en\/wp-json\/wp\/v2\/types\/page"}],"author":[{"embeddable":true,"href":"https:\/\/www.baudo-iledere.fr\/en\/wp-json\/wp\/v2\/users\/1"}],"replies":[{"embeddable":true,"href":"https:\/\/www.baudo-iledere.fr\/en\/wp-json\/wp\/v2\/comments?post=3255"}],"version-history":[{"count":3,"href":"https:\/\/www.baudo-iledere.fr\/en\/wp-json\/wp\/v2\/pages\/3255\/revisions"}],"predecessor-version":[{"id":4232,"href":"https:\/\/www.baudo-iledere.fr\/en\/wp-json\/wp\/v2\/pages\/3255\/revisions\/4232"}],"wp:attachment":[{"href":"https:\/\/www.baudo-iledere.fr\/en\/wp-json\/wp\/v2\/media?parent=3255"}],"curies":[{"name":"wp","href":"https:\/\/api.w.org\/{rel}","templated":true}]}}